{"id":6657,"date":"2025-07-15T10:10:32","date_gmt":"2025-07-15T10:10:32","guid":{"rendered":"https:\/\/glfree.hu\/?page_id=6657"},"modified":"2025-07-16T05:10:00","modified_gmt":"2025-07-16T05:10:00","slug":"soulscan","status":"publish","type":"page","link":"https:\/\/glfree.hu\/de\/soulscan\/","title":{"rendered":"SoulScan"},"content":{"rendered":"<div data-elementor-type=\"wp-page\" data-elementor-id=\"6657\" class=\"elementor elementor-6657\" data-elementor-post-type=\"page\">\n\t\t\t\t<div class=\"elementor-element elementor-element-7d59d0a e-flex e-con-boxed e-con e-parent\" data-id=\"7d59d0a\" data-element_type=\"container\" data-e-type=\"container\" data-settings=\"{&quot;background_background&quot;:&quot;gradient&quot;}\">\n\t\t\t\t\t<div class=\"e-con-inner\">\n\t\t\t\t<div class=\"elementor-element elementor-element-12da7c9 elementor-widget elementor-widget-heading\" data-id=\"12da7c9\" data-element_type=\"widget\" data-e-type=\"widget\" data-widget_type=\"heading.default\">\n\t\t\t\t<div class=\"elementor-widget-container\">\n\t\t\t\t\t<h2 class=\"elementor-heading-title elementor-size-default\">\u2728SoulScan \u2728\nSie haben etwas Besonderes - Sie haben es nur noch nicht benannt.\nLesen Sie, wer Sie wirklich sind.\n<\/h2>\t\t\t\t<\/div>\n\t\t\t\t<\/div>\n\t\t<div class=\"elementor-element elementor-element-1602bae e-grid e-con-full e-con e-child\" data-id=\"1602bae\" data-element_type=\"container\" data-e-type=\"container\">\n\t\t\t\t<div class=\"elementor-element elementor-element-5cca1bf elementor-widget__width-initial elementor-widget elementor-widget-text-editor\" data-id=\"5cca1bf\" data-element_type=\"widget\" data-e-type=\"widget\" data-widget_type=\"text-editor.default\">\n\t\t\t\t<div class=\"elementor-widget-container\">\n\t\t\t\t\t\t\t\t\t<p>Viele Menschen haben das Gef\u00fchl, dass in ihrem Leben etwas fehlt. Wir arbeiten, wir funktionieren, wir machen unsere Arbeit - aber in unserem Inneren ist es still. Manchmal fl\u00fcstert eine leise Stimme:<br \/>\ud83d\udc49 \"Ich war f\u00fcr etwas anderes bestimmt...\"<br \/>\ud83d\udc49 \"Worin kann ich wirklich gut sein?\"<br \/>\ud83d\udc49 \"Was sollte ich tun, um gl\u00fccklicher zu sein?\"<\/p><p>A <strong>SoulScan<\/strong> hilft Ihnen dabei. Eine <strong>3 geeignete Vortragsreihen<\/strong>wo wir nicht nach Schablonen suchen, keine Pers\u00f6nlichkeitstests ausf\u00fcllen - wir h\u00f6ren zu. Sie von innen, ich von au\u00dfen. Durch das Zusammentreffen der beiden entsteht ein Bild von Ihnen, das Sie vielleicht vorher nicht gesehen haben.<\/p>\t\t\t\t\t\t\t\t<\/div>\n\t\t\t\t<\/div>\n\t\t\t\t<div class=\"elementor-element elementor-element-8cf6d92 elementor-widget elementor-widget-image\" data-id=\"8cf6d92\" data-element_type=\"widget\" data-e-type=\"widget\" data-widget_type=\"image.default\">\n\t\t\t\t<div class=\"elementor-widget-container\">\n\t\t\t\t\t\t\t\t\t\t\t\t\t\t\t<img decoding=\"async\" src=\"https:\/\/glfree.hu\/wp-content\/plugins\/elementor\/assets\/images\/placeholder.png\" title=\"\" alt=\"\" loading=\"lazy\" \/>\t\t\t\t\t\t\t\t\t\t\t\t\t\t\t<\/div>\n\t\t\t\t<\/div>\n\t\t\t\t<div class=\"elementor-element elementor-element-3130339 elementor-widget elementor-widget-heading\" data-id=\"3130339\" data-element_type=\"widget\" data-e-type=\"widget\" data-widget_type=\"heading.default\">\n\t\t\t\t<div class=\"elementor-widget-container\">\n\t\t\t\t\t<h2 class=\"elementor-heading-title elementor-size-default\">\ud83d\udd0d Was passiert beim SoulScan?<\/h2>\t\t\t\t<\/div>\n\t\t\t\t<\/div>\n\t\t\t\t<div class=\"elementor-element elementor-element-07096ee elementor-widget elementor-widget-text-editor\" data-id=\"07096ee\" data-element_type=\"widget\" data-e-type=\"widget\" data-widget_type=\"text-editor.default\">\n\t\t\t\t<div class=\"elementor-widget-container\">\n\t\t\t\t\t\t\t\t\t<ul><li><strong>1. Mal:<\/strong> Wir stellen fest, wo Sie jetzt stehen - was funktioniert, was fehlt.<\/li><li><strong>2. Mal:<\/strong> Wir schauen uns Ihre Geschichte, Ihr Feedback und Ihre nat\u00fcrlichen St\u00e4rken an.<\/li><li><strong>3. Mal:<\/strong> Ich werde Ihnen zeigen, was ich in Ihnen sehe - und was Sie damit anfangen k\u00f6nnen.<\/li><\/ul><p>Dies ist kein Coaching. Es ist keine Therapie. Es ist keine Beratung.<br \/>Es ist eine spiegelnde, intuitive, menschliche Pr\u00e4senz. Ein Raum, in dem man das sehen kann <strong>X-factorodra<\/strong> - die F\u00e4higkeit, die Sie vielleicht schon immer genutzt, aber nie realisiert haben.<\/p>\t\t\t\t\t\t\t\t<\/div>\n\t\t\t\t<\/div>\n\t\t\t\t<div class=\"elementor-element elementor-element-c9f574b elementor-widget elementor-widget-image\" data-id=\"c9f574b\" data-element_type=\"widget\" data-e-type=\"widget\" data-widget_type=\"image.default\">\n\t\t\t\t<div class=\"elementor-widget-container\">\n\t\t\t\t\t\t\t\t\t\t\t\t\t\t\t<img decoding=\"async\" src=\"https:\/\/glfree.hu\/wp-content\/plugins\/elementor\/assets\/images\/placeholder.png\" title=\"\" alt=\"\" loading=\"lazy\" \/>\t\t\t\t\t\t\t\t\t\t\t\t\t\t\t<\/div>\n\t\t\t\t<\/div>\n\t\t\t\t<\/div>\n\t\t<div class=\"elementor-element elementor-element-4ebccf9 e-grid e-con-full e-con e-child\" data-id=\"4ebccf9\" data-element_type=\"container\" data-e-type=\"container\">\n\t\t\t\t<div class=\"elementor-element elementor-element-fa65623 elementor-widget__width-inherit elementor-widget elementor-widget-text-editor\" data-id=\"fa65623\" data-element_type=\"widget\" data-e-type=\"widget\" data-widget_type=\"text-editor.default\">\n\t\t\t\t<div class=\"elementor-widget-container\">\n\t\t\t\t\t\t\t\t\t<p><strong>\ud83e\udde0 Sie k\u00f6nnten festsitzen, wenn...<\/strong><\/p><ul><li>Sie sind nicht mehr inspiriert von dem, was Sie tun.<\/li><li>Sie wissen nicht, was Sie wirklich gut k\u00f6nnen.<\/li><li>Sie z\u00f6gern Entscheidungen hinaus, weil es zu viele Richtungen gibt.<\/li><li>Sie sp\u00fcren: \"Das ist nicht mein Weg\".<\/li><li>Oder einfach: Sie wissen, dass Sie mehr in sich haben.<\/li><\/ul><p>\ud83d\udc49 <strong>SoulScan sagt Ihnen nicht, was Sie f\u00fcr sich selbst tun sollen.<\/strong><br \/>Aber es hilft Ihnen, selbst zu sehen, wo Sie anfangen k\u00f6nnten.<\/p>\t\t\t\t\t\t\t\t<\/div>\n\t\t\t\t<\/div>\n\t\t\t\t<div class=\"elementor-element elementor-element-0dfe4a5 elementor-widget elementor-widget-image\" data-id=\"0dfe4a5\" data-element_type=\"widget\" data-e-type=\"widget\" data-widget_type=\"image.default\">\n\t\t\t\t<div class=\"elementor-widget-container\">\n\t\t\t\t\t\t\t\t\t\t\t\t\t\t\t<img decoding=\"async\" src=\"https:\/\/glfree.hu\/wp-content\/plugins\/elementor\/assets\/images\/placeholder.png\" title=\"\" alt=\"\" loading=\"lazy\" \/>\t\t\t\t\t\t\t\t\t\t\t\t\t\t\t<\/div>\n\t\t\t\t<\/div>\n\t\t\t\t<\/div>\n\t\t\t\t\t<\/div>\n\t\t\t\t<\/div>\n\t\t<div class=\"elementor-element elementor-element-3d004a7 e-flex e-con-boxed e-con e-parent\" data-id=\"3d004a7\" data-element_type=\"container\" data-e-type=\"container\">\n\t\t\t\t\t<div class=\"e-con-inner\">\n\t\t\t\t<div class=\"elementor-element elementor-element-80c57fe elementor-widget elementor-widget-text-editor\" data-id=\"80c57fe\" data-element_type=\"widget\" data-e-type=\"widget\" data-widget_type=\"text-editor.default\">\n\t\t\t\t<div class=\"elementor-widget-container\">\n\t\t\t\t\t\t\t\t\t<p><strong>\ud83d\udd25 F\u00fcr wen ist SoulScan gedacht?<\/strong><\/p><ul><li>Wer nicht wei\u00df, \"was er mit seinem Leben anfangen soll\".<\/li><li>Jemand, der sp\u00fcrt, dass es etwas Besonderes ist, aber nicht wei\u00df, was es ist.<\/li><li>Wer umgestaltet, ver\u00e4ndert oder einfach <strong>will klarer sehen<\/strong>.<\/li><\/ul>\t\t\t\t\t\t\t\t<\/div>\n\t\t\t\t<\/div>\n\t\t\t\t\t<\/div>\n\t\t\t\t<\/div>\n\t\t\t\t<\/div>","protected":false},"excerpt":{"rendered":"<p>SoulScan: eine Chance, denjenigen zu finden, der schon immer in dir steckte. Wenn du das Gef\u00fchl hast, dass es an der Zeit ist, dein inneres Feuer, deinen Funken, dein Talent zu entdecken \ud83e\udded.<\/p>","protected":false},"author":2,"featured_media":6663,"parent":0,"menu_order":0,"comment_status":"closed","ping_status":"closed","template":"","meta":{"footnotes":""},"kategoriak":[80],"hf_cat_page":[81],"class_list":["post-6657","page","type-page","status-publish","has-post-thumbnail","hentry","kategoriak-soulscan"],"yoast_head":"<!-- This site is optimized with the Yoast SEO plugin v27.3 - https:\/\/yoast.com\/product\/yoast-seo-wordpress\/ -->\n<title>SoulScan - glfree.hu<\/title>\n<meta name=\"description\" content=\"SoulScan: egy lehet\u0151s\u00e9g arra, hogy r\u00e1tal\u00e1lj arra, aki mindig is benned volt. Ha \u00fagy \u00e9rzed, itt az id\u0151 felfedezni a benned rejl\u0151 t\u00fczet, szikr\u00e1t, tehets\u00e9get \ud83e\udded\" \/>\n<meta name=\"robots\" content=\"index, follow, max-snippet:-1, max-image-preview:large, max-video-preview:-1\" \/>\n<link rel=\"canonical\" href=\"https:\/\/glfree.hu\/de\/soulscan\/\" \/>\n<meta property=\"og:locale\" content=\"de_DE\" \/>\n<meta property=\"og:type\" content=\"article\" \/>\n<meta property=\"og:title\" content=\"SoulScan - glfree.hu\" \/>\n<meta property=\"og:description\" content=\"SoulScan: egy lehet\u0151s\u00e9g arra, hogy r\u00e1tal\u00e1lj arra, aki mindig is benned volt. Ha \u00fagy \u00e9rzed, itt az id\u0151 felfedezni a benned rejl\u0151 t\u00fczet, szikr\u00e1t, tehets\u00e9get \ud83e\udded\" \/>\n<meta property=\"og:url\" content=\"https:\/\/glfree.hu\/de\/soulscan\/\" \/>\n<meta property=\"og:site_name\" content=\"glfree.hu\" \/>\n<meta property=\"article:publisher\" content=\"https:\/\/www.facebook.com\/glfree.egyhelyen\" \/>\n<meta property=\"article:modified_time\" content=\"2025-07-16T05:10:00+00:00\" \/>\n<meta property=\"og:image\" content=\"https:\/\/glfree.hu\/wp-content\/uploads\/2025\/05\/SoulScan-szurken-szines.webp\" \/>\n\t<meta property=\"og:image:width\" content=\"1920\" \/>\n\t<meta property=\"og:image:height\" content=\"1920\" \/>\n\t<meta property=\"og:image:type\" content=\"image\/webp\" \/>\n<meta name=\"twitter:card\" content=\"summary_large_image\" \/>\n<meta name=\"twitter:label1\" content=\"Gesch\u00e4tzte Lesezeit\" \/>\n\t<meta name=\"twitter:data1\" content=\"3\u00a0Minuten\" \/>\n<script type=\"application\/ld+json\" class=\"yoast-schema-graph\">{\"@context\":\"https:\\\/\\\/schema.org\",\"@graph\":[{\"@type\":\"WebPage\",\"@id\":\"https:\\\/\\\/glfree.hu\\\/soulscan\\\/\",\"url\":\"https:\\\/\\\/glfree.hu\\\/soulscan\\\/\",\"name\":\"SoulScan - glfree.hu\",\"isPartOf\":{\"@id\":\"https:\\\/\\\/glfree.hu\\\/#website\"},\"primaryImageOfPage\":{\"@id\":\"https:\\\/\\\/glfree.hu\\\/soulscan\\\/#primaryimage\"},\"image\":{\"@id\":\"https:\\\/\\\/glfree.hu\\\/soulscan\\\/#primaryimage\"},\"thumbnailUrl\":\"https:\\\/\\\/glfree.hu\\\/wp-content\\\/uploads\\\/2025\\\/05\\\/SoulScan-szurken-szines.webp\",\"datePublished\":\"2025-07-15T10:10:32+00:00\",\"dateModified\":\"2025-07-16T05:10:00+00:00\",\"description\":\"SoulScan: egy lehet\u0151s\u00e9g arra, hogy r\u00e1tal\u00e1lj arra, aki mindig is benned volt. Ha \u00fagy \u00e9rzed, itt az id\u0151 felfedezni a benned rejl\u0151 t\u00fczet, szikr\u00e1t, tehets\u00e9get \ud83e\udded\",\"breadcrumb\":{\"@id\":\"https:\\\/\\\/glfree.hu\\\/soulscan\\\/#breadcrumb\"},\"inLanguage\":\"de\",\"potentialAction\":[{\"@type\":\"ReadAction\",\"target\":[\"https:\\\/\\\/glfree.hu\\\/soulscan\\\/\"]}]},{\"@type\":\"ImageObject\",\"inLanguage\":\"de\",\"@id\":\"https:\\\/\\\/glfree.hu\\\/soulscan\\\/#primaryimage\",\"url\":\"https:\\\/\\\/glfree.hu\\\/wp-content\\\/uploads\\\/2025\\\/05\\\/SoulScan-szurken-szines.webp\",\"contentUrl\":\"https:\\\/\\\/glfree.hu\\\/wp-content\\\/uploads\\\/2025\\\/05\\\/SoulScan-szurken-szines.webp\",\"width\":1920,\"height\":1920,\"caption\":\"SoulScan sz\u00ednes logo\"},{\"@type\":\"BreadcrumbList\",\"@id\":\"https:\\\/\\\/glfree.hu\\\/soulscan\\\/#breadcrumb\",\"itemListElement\":[{\"@type\":\"ListItem\",\"position\":1,\"name\":\"Kezd\u0151lap\",\"item\":\"https:\\\/\\\/glfree.hu\\\/\"},{\"@type\":\"ListItem\",\"position\":2,\"name\":\"SoulScan\"}]},{\"@type\":\"WebSite\",\"@id\":\"https:\\\/\\\/glfree.hu\\\/#website\",\"url\":\"https:\\\/\\\/glfree.hu\\\/\",\"name\":\"glfree.hu\",\"description\":\"Glut\u00e9nmentess\u00e9gr\u0151l - egy helyen\",\"publisher\":{\"@id\":\"https:\\\/\\\/glfree.hu\\\/#organization\"},\"potentialAction\":[{\"@type\":\"SearchAction\",\"target\":{\"@type\":\"EntryPoint\",\"urlTemplate\":\"https:\\\/\\\/glfree.hu\\\/?s={search_term_string}\"},\"query-input\":{\"@type\":\"PropertyValueSpecification\",\"valueRequired\":true,\"valueName\":\"search_term_string\"}}],\"inLanguage\":\"de\"},{\"@type\":\"Organization\",\"@id\":\"https:\\\/\\\/glfree.hu\\\/#organization\",\"name\":\"glfree.hu\",\"url\":\"https:\\\/\\\/glfree.hu\\\/\",\"logo\":{\"@type\":\"ImageObject\",\"inLanguage\":\"de\",\"@id\":\"https:\\\/\\\/glfree.hu\\\/#\\\/schema\\\/logo\\\/image\\\/\",\"url\":\"https:\\\/\\\/glfree.hu\\\/wp-content\\\/uploads\\\/2024\\\/08\\\/GLFREE_logo_color-300x150-1.webp\",\"contentUrl\":\"https:\\\/\\\/glfree.hu\\\/wp-content\\\/uploads\\\/2024\\\/08\\\/GLFREE_logo_color-300x150-1.webp\",\"width\":1920,\"height\":960,\"caption\":\"glfree.hu\"},\"image\":{\"@id\":\"https:\\\/\\\/glfree.hu\\\/#\\\/schema\\\/logo\\\/image\\\/\"},\"sameAs\":[\"https:\\\/\\\/www.facebook.com\\\/glfree.egyhelyen\",\"https:\\\/\\\/www.instagram.com\\\/glfree.egy.helyen\\\/\"]}]}<\/script>\n<!-- \/ Yoast SEO plugin. -->","yoast_head_json":{"title":"SoulScan - glfree.hu","description":"SoulScan: egy lehet\u0151s\u00e9g arra, hogy r\u00e1tal\u00e1lj arra, aki mindig is benned volt. Ha \u00fagy \u00e9rzed, itt az id\u0151 felfedezni a benned rejl\u0151 t\u00fczet, szikr\u00e1t, tehets\u00e9get \ud83e\udded","robots":{"index":"index","follow":"follow","max-snippet":"max-snippet:-1","max-image-preview":"max-image-preview:large","max-video-preview":"max-video-preview:-1"},"canonical":"https:\/\/glfree.hu\/de\/soulscan\/","og_locale":"de_DE","og_type":"article","og_title":"SoulScan - glfree.hu","og_description":"SoulScan: egy lehet\u0151s\u00e9g arra, hogy r\u00e1tal\u00e1lj arra, aki mindig is benned volt. Ha \u00fagy \u00e9rzed, itt az id\u0151 felfedezni a benned rejl\u0151 t\u00fczet, szikr\u00e1t, tehets\u00e9get \ud83e\udded","og_url":"https:\/\/glfree.hu\/de\/soulscan\/","og_site_name":"glfree.hu","article_publisher":"https:\/\/www.facebook.com\/glfree.egyhelyen","article_modified_time":"2025-07-16T05:10:00+00:00","og_image":[{"width":1920,"height":1920,"url":"https:\/\/glfree.hu\/wp-content\/uploads\/2025\/05\/SoulScan-szurken-szines.webp","type":"image\/webp"}],"twitter_card":"summary_large_image","twitter_misc":{"Gesch\u00e4tzte Lesezeit":"3\u00a0Minuten"},"schema":{"@context":"https:\/\/schema.org","@graph":[{"@type":"WebPage","@id":"https:\/\/glfree.hu\/soulscan\/","url":"https:\/\/glfree.hu\/soulscan\/","name":"SoulScan - glfree.hu","isPartOf":{"@id":"https:\/\/glfree.hu\/#website"},"primaryImageOfPage":{"@id":"https:\/\/glfree.hu\/soulscan\/#primaryimage"},"image":{"@id":"https:\/\/glfree.hu\/soulscan\/#primaryimage"},"thumbnailUrl":"https:\/\/glfree.hu\/wp-content\/uploads\/2025\/05\/SoulScan-szurken-szines.webp","datePublished":"2025-07-15T10:10:32+00:00","dateModified":"2025-07-16T05:10:00+00:00","description":"SoulScan: egy lehet\u0151s\u00e9g arra, hogy r\u00e1tal\u00e1lj arra, aki mindig is benned volt. Ha \u00fagy \u00e9rzed, itt az id\u0151 felfedezni a benned rejl\u0151 t\u00fczet, szikr\u00e1t, tehets\u00e9get \ud83e\udded","breadcrumb":{"@id":"https:\/\/glfree.hu\/soulscan\/#breadcrumb"},"inLanguage":"de","potentialAction":[{"@type":"ReadAction","target":["https:\/\/glfree.hu\/soulscan\/"]}]},{"@type":"ImageObject","inLanguage":"de","@id":"https:\/\/glfree.hu\/soulscan\/#primaryimage","url":"https:\/\/glfree.hu\/wp-content\/uploads\/2025\/05\/SoulScan-szurken-szines.webp","contentUrl":"https:\/\/glfree.hu\/wp-content\/uploads\/2025\/05\/SoulScan-szurken-szines.webp","width":1920,"height":1920,"caption":"SoulScan sz\u00ednes logo"},{"@type":"BreadcrumbList","@id":"https:\/\/glfree.hu\/soulscan\/#breadcrumb","itemListElement":[{"@type":"ListItem","position":1,"name":"Kezd\u0151lap","item":"https:\/\/glfree.hu\/"},{"@type":"ListItem","position":2,"name":"SoulScan"}]},{"@type":"WebSite","@id":"https:\/\/glfree.hu\/#website","url":"https:\/\/glfree.hu\/","name":"glfree.hu","description":"\u00dcber glutenfrei - an einem Ort","publisher":{"@id":"https:\/\/glfree.hu\/#organization"},"potentialAction":[{"@type":"SearchAction","target":{"@type":"EntryPoint","urlTemplate":"https:\/\/glfree.hu\/?s={search_term_string}"},"query-input":{"@type":"PropertyValueSpecification","valueRequired":true,"valueName":"search_term_string"}}],"inLanguage":"de"},{"@type":"Organization","@id":"https:\/\/glfree.hu\/#organization","name":"glfree.hu","url":"https:\/\/glfree.hu\/","logo":{"@type":"ImageObject","inLanguage":"de","@id":"https:\/\/glfree.hu\/#\/schema\/logo\/image\/","url":"https:\/\/glfree.hu\/wp-content\/uploads\/2024\/08\/GLFREE_logo_color-300x150-1.webp","contentUrl":"https:\/\/glfree.hu\/wp-content\/uploads\/2024\/08\/GLFREE_logo_color-300x150-1.webp","width":1920,"height":960,"caption":"glfree.hu"},"image":{"@id":"https:\/\/glfree.hu\/#\/schema\/logo\/image\/"},"sameAs":["https:\/\/www.facebook.com\/glfree.egyhelyen","https:\/\/www.instagram.com\/glfree.egy.helyen\/"]}]}},"_links":{"self":[{"href":"https:\/\/glfree.hu\/de\/wp-json\/wp\/v2\/pages\/6657","targetHints":{"allow":["GET"]}}],"collection":[{"href":"https:\/\/glfree.hu\/de\/wp-json\/wp\/v2\/pages"}],"about":[{"href":"https:\/\/glfree.hu\/de\/wp-json\/wp\/v2\/types\/page"}],"author":[{"embeddable":true,"href":"https:\/\/glfree.hu\/de\/wp-json\/wp\/v2\/users\/2"}],"replies":[{"embeddable":true,"href":"https:\/\/glfree.hu\/de\/wp-json\/wp\/v2\/comments?post=6657"}],"version-history":[{"count":4,"href":"https:\/\/glfree.hu\/de\/wp-json\/wp\/v2\/pages\/6657\/revisions"}],"predecessor-version":[{"id":6667,"href":"https:\/\/glfree.hu\/de\/wp-json\/wp\/v2\/pages\/6657\/revisions\/6667"}],"wp:featuredmedia":[{"embeddable":true,"href":"https:\/\/glfree.hu\/de\/wp-json\/wp\/v2\/media\/6663"}],"wp:attachment":[{"href":"https:\/\/glfree.hu\/de\/wp-json\/wp\/v2\/media?parent=6657"}],"wp:term":[{"taxonomy":"kategoriak","embeddable":true,"href":"https:\/\/glfree.hu\/de\/wp-json\/wp\/v2\/kategoriak?post=6657"},{"taxonomy":"hf_cat_page","embeddable":true,"href":"https:\/\/glfree.hu\/de\/wp-json\/wp\/v2\/hf_cat_page?post=6657"}],"curies":[{"name":"wp","href":"https:\/\/api.w.org\/{rel}","templated":true}]}}