{"id":4773,"date":"2024-08-01T06:37:01","date_gmt":"2024-08-01T06:37:01","guid":{"rendered":"https:\/\/glfree.hu\/?page_id=4773"},"modified":"2024-08-01T07:11:01","modified_gmt":"2024-08-01T07:11:01","slug":"hirlevel-feliratkozas","status":"publish","type":"page","link":"https:\/\/glfree.hu\/de\/hirlevel-feliratkozas\/","title":{"rendered":"Newsletter-Abonnement"},"content":{"rendered":"<div data-elementor-type=\"wp-page\" data-elementor-id=\"4773\" class=\"elementor elementor-4773\" data-elementor-post-type=\"page\">\n\t\t\t\t<div class=\"elementor-element elementor-element-884b91b bdt-backdrop-filter-yes e-flex e-con-boxed bdt-filter-backdrop e-con e-parent\" data-id=\"884b91b\" data-element_type=\"container\" data-e-type=\"container\" data-settings=\"{&quot;background_background&quot;:&quot;classic&quot;,&quot;shape_divider_bottom&quot;:&quot;curve-asymmetrical&quot;,&quot;shape_divider_bottom_negative&quot;:&quot;yes&quot;}\">\n\t\t\t\t\t<div class=\"e-con-inner\">\n\t\t\t\t<div class=\"elementor-shape elementor-shape-bottom\" aria-hidden=\"true\" data-negative=\"true\">\n\t\t\t<svg xmlns=\"http:\/\/www.w3.org\/2000\/svg\" viewbox=\"0 0 1000 100\" preserveaspectratio=\"none\">\n\t<path class=\"elementor-shape-fill\" d=\"M615.2,96.7C240.2,97.8,0,18.9,0,0v100h1000V0C1000,19.2,989.8,96,615.2,96.7z\"\/>\n<\/svg>\t\t<\/div>\n\t\t\t\t\t<\/div>\n\t\t\t\t<\/div>\n\t\t<div class=\"elementor-element elementor-element-850eaf4 e-flex e-con-boxed e-con e-parent\" data-id=\"850eaf4\" data-element_type=\"container\" data-e-type=\"container\">\n\t\t\t\t\t<div class=\"e-con-inner\">\n\t\t\t\t<div class=\"elementor-element elementor-element-934ccd4 elementor-widget elementor-widget-heading\" data-id=\"934ccd4\" data-element_type=\"widget\" data-e-type=\"widget\" data-widget_type=\"heading.default\">\n\t\t\t\t<div class=\"elementor-widget-container\">\n\t\t\t\t\t<h2 class=\"elementor-heading-title elementor-size-default\">Newsletter-Abonnement<\/h2>\t\t\t\t<\/div>\n\t\t\t\t<\/div>\n\t\t\t\t<div class=\"elementor-element elementor-element-ea08f6c elementor-widget elementor-widget-html\" data-id=\"ea08f6c\" data-element_type=\"widget\" data-e-type=\"widget\" data-widget_type=\"html.default\">\n\t\t\t\t<div class=\"elementor-widget-container\">\n\t\t\t\t\t<iframe\r\n  src=\"https:\/\/link.lvlupyourbusiness.com\/widget\/form\/xfqAYEyKLVi4d3LdbyZW\"\r\n  style=\"width:100%;height:100%;border:none;border-radius:4px\"\r\n  id=\"inline-xfqAYEyKLVi4d3LdbyZW\" \r\n  data-layout=\"{'id':'INLINE'}\"\r\n  data-trigger-type=\"alwaysShow\"\r\n  data-trigger-value=\"\"\r\n  data-activation-type=\"alwaysActivated\"\r\n  data-activation-value=\"\"\r\n  data-deactivation-type=\"neverDeactivate\"\r\n  data-deactivation-value=\"\"\r\n  data-form-name=\"GLFREE Lead - H\u00edrlev\u00e9l Feliratkoz\u00e1s\"\r\n  data-height=\"984\"\r\n  data-layout-iframe-id=\"inline-xfqAYEyKLVi4d3LdbyZW\"\r\n  data-form-id=\"xfqAYEyKLVi4d3LdbyZW\"\r\n  title=\"GLFREE Lead - Newsletter abonnieren\"\r\n      >\r\n<\/iframe>\r\n<script src=\"https:\/\/link.lvlupyourbusiness.com\/js\/form_embed.js\"><\/script>\t\t\t\t<\/div>\n\t\t\t\t<\/div>\n\t\t\t\t<div class=\"elementor-element elementor-element-9df5797 elementor-widget elementor-widget-image\" data-id=\"9df5797\" data-element_type=\"widget\" data-e-type=\"widget\" data-widget_type=\"image.default\">\n\t\t\t\t<div class=\"elementor-widget-container\">\n\t\t\t\t\t\t\t\t\t\t\t\t\t\t\t<img fetchpriority=\"high\" decoding=\"async\" width=\"800\" height=\"449\" src=\"https:\/\/glfree.hu\/wp-content\/uploads\/2024\/08\/Mi-a-GLFREE-1366-768--1024x575.webp\" class=\"attachment-large size-large wp-image-4710\" alt=\"Mi a GLFREE\" srcset=\"https:\/\/glfree.hu\/wp-content\/uploads\/2024\/08\/Mi-a-GLFREE-1366-768--1024x575.webp 1024w, https:\/\/glfree.hu\/wp-content\/uploads\/2024\/08\/Mi-a-GLFREE-1366-768--600x337.webp 600w, https:\/\/glfree.hu\/wp-content\/uploads\/2024\/08\/Mi-a-GLFREE-1366-768--300x169.webp 300w, https:\/\/glfree.hu\/wp-content\/uploads\/2024\/08\/Mi-a-GLFREE-1366-768--768x432.webp 768w, https:\/\/glfree.hu\/wp-content\/uploads\/2024\/08\/Mi-a-GLFREE-1366-768--1536x863.webp 1536w, https:\/\/glfree.hu\/wp-content\/uploads\/2024\/08\/Mi-a-GLFREE-1366-768-.webp 1920w\" sizes=\"(max-width: 800px) 100vw, 800px\" \/>\t\t\t\t\t\t\t\t\t\t\t\t\t\t\t<\/div>\n\t\t\t\t<\/div>\n\t\t\t\t\t<\/div>\n\t\t\t\t<\/div>\n\t\t\t\t<\/div>","protected":false},"excerpt":{"rendered":"<p>Newsletter-Abonnement<\/p>","protected":false},"author":2,"featured_media":0,"parent":0,"menu_order":0,"comment_status":"closed","ping_status":"closed","template":"elementor_header_footer","meta":{"footnotes":""},"kategoriak":[],"hf_cat_page":[50],"class_list":["post-4773","page","type-page","status-publish","hentry"],"yoast_head":"<!-- This site is optimized with the Yoast SEO plugin v27.3 - https:\/\/yoast.com\/product\/yoast-seo-wordpress\/ -->\n<title>H\u00edrlev\u00e9l feliratkoz\u00e1s - glfree.hu<\/title>\n<meta name=\"robots\" content=\"noindex, follow\" \/>\n<meta property=\"og:locale\" content=\"de_DE\" \/>\n<meta property=\"og:type\" content=\"article\" \/>\n<meta property=\"og:title\" content=\"H\u00edrlev\u00e9l feliratkoz\u00e1s - glfree.hu\" \/>\n<meta property=\"og:description\" content=\"H\u00edrlev\u00e9l feliratkoz\u00e1s\" \/>\n<meta property=\"og:url\" content=\"https:\/\/glfree.hu\/de\/hirlevel-feliratkozas\/\" \/>\n<meta property=\"og:site_name\" content=\"glfree.hu\" \/>\n<meta property=\"article:publisher\" content=\"https:\/\/www.facebook.com\/glfree.egyhelyen\" \/>\n<meta property=\"article:modified_time\" content=\"2024-08-01T07:11:01+00:00\" \/>\n<meta property=\"og:image\" content=\"https:\/\/glfree.hu\/wp-content\/uploads\/2024\/08\/Mi-a-GLFREE-1366-768--1024x575.webp\" \/>\n<meta name=\"twitter:card\" content=\"summary_large_image\" \/>\n<meta name=\"twitter:label1\" content=\"Gesch\u00e4tzte Lesezeit\" \/>\n\t<meta name=\"twitter:data1\" content=\"1\u00a0Minute\" \/>\n<script type=\"application\/ld+json\" class=\"yoast-schema-graph\">{\"@context\":\"https:\\\/\\\/schema.org\",\"@graph\":[{\"@type\":\"WebPage\",\"@id\":\"https:\\\/\\\/glfree.hu\\\/hirlevel-feliratkozas\\\/\",\"url\":\"https:\\\/\\\/glfree.hu\\\/hirlevel-feliratkozas\\\/\",\"name\":\"H\u00edrlev\u00e9l feliratkoz\u00e1s - glfree.hu\",\"isPartOf\":{\"@id\":\"https:\\\/\\\/glfree.hu\\\/#website\"},\"primaryImageOfPage\":{\"@id\":\"https:\\\/\\\/glfree.hu\\\/hirlevel-feliratkozas\\\/#primaryimage\"},\"image\":{\"@id\":\"https:\\\/\\\/glfree.hu\\\/hirlevel-feliratkozas\\\/#primaryimage\"},\"thumbnailUrl\":\"https:\\\/\\\/glfree.hu\\\/wp-content\\\/uploads\\\/2024\\\/08\\\/Mi-a-GLFREE-1366-768--1024x575.webp\",\"datePublished\":\"2024-08-01T06:37:01+00:00\",\"dateModified\":\"2024-08-01T07:11:01+00:00\",\"breadcrumb\":{\"@id\":\"https:\\\/\\\/glfree.hu\\\/hirlevel-feliratkozas\\\/#breadcrumb\"},\"inLanguage\":\"de\",\"potentialAction\":[{\"@type\":\"ReadAction\",\"target\":[\"https:\\\/\\\/glfree.hu\\\/hirlevel-feliratkozas\\\/\"]}]},{\"@type\":\"ImageObject\",\"inLanguage\":\"de\",\"@id\":\"https:\\\/\\\/glfree.hu\\\/hirlevel-feliratkozas\\\/#primaryimage\",\"url\":\"https:\\\/\\\/glfree.hu\\\/wp-content\\\/uploads\\\/2024\\\/08\\\/Mi-a-GLFREE-1366-768--1024x575.webp\",\"contentUrl\":\"https:\\\/\\\/glfree.hu\\\/wp-content\\\/uploads\\\/2024\\\/08\\\/Mi-a-GLFREE-1366-768--1024x575.webp\"},{\"@type\":\"BreadcrumbList\",\"@id\":\"https:\\\/\\\/glfree.hu\\\/hirlevel-feliratkozas\\\/#breadcrumb\",\"itemListElement\":[{\"@type\":\"ListItem\",\"position\":1,\"name\":\"Kezd\u0151lap\",\"item\":\"https:\\\/\\\/glfree.hu\\\/\"},{\"@type\":\"ListItem\",\"position\":2,\"name\":\"H\u00edrlev\u00e9l feliratkoz\u00e1s\"}]},{\"@type\":\"WebSite\",\"@id\":\"https:\\\/\\\/glfree.hu\\\/#website\",\"url\":\"https:\\\/\\\/glfree.hu\\\/\",\"name\":\"glfree.hu\",\"description\":\"Glut\u00e9nmentess\u00e9gr\u0151l - egy helyen\",\"publisher\":{\"@id\":\"https:\\\/\\\/glfree.hu\\\/#organization\"},\"potentialAction\":[{\"@type\":\"SearchAction\",\"target\":{\"@type\":\"EntryPoint\",\"urlTemplate\":\"https:\\\/\\\/glfree.hu\\\/?s={search_term_string}\"},\"query-input\":{\"@type\":\"PropertyValueSpecification\",\"valueRequired\":true,\"valueName\":\"search_term_string\"}}],\"inLanguage\":\"de\"},{\"@type\":\"Organization\",\"@id\":\"https:\\\/\\\/glfree.hu\\\/#organization\",\"name\":\"glfree.hu\",\"url\":\"https:\\\/\\\/glfree.hu\\\/\",\"logo\":{\"@type\":\"ImageObject\",\"inLanguage\":\"de\",\"@id\":\"https:\\\/\\\/glfree.hu\\\/#\\\/schema\\\/logo\\\/image\\\/\",\"url\":\"https:\\\/\\\/glfree.hu\\\/wp-content\\\/uploads\\\/2024\\\/08\\\/GLFREE_logo_color-300x150-1.webp\",\"contentUrl\":\"https:\\\/\\\/glfree.hu\\\/wp-content\\\/uploads\\\/2024\\\/08\\\/GLFREE_logo_color-300x150-1.webp\",\"width\":1920,\"height\":960,\"caption\":\"glfree.hu\"},\"image\":{\"@id\":\"https:\\\/\\\/glfree.hu\\\/#\\\/schema\\\/logo\\\/image\\\/\"},\"sameAs\":[\"https:\\\/\\\/www.facebook.com\\\/glfree.egyhelyen\",\"https:\\\/\\\/www.instagram.com\\\/glfree.egy.helyen\\\/\"]}]}<\/script>\n<!-- \/ Yoast SEO plugin. -->","yoast_head_json":{"title":"H\u00edrlev\u00e9l feliratkoz\u00e1s - glfree.hu","robots":{"index":"noindex","follow":"follow"},"og_locale":"de_DE","og_type":"article","og_title":"H\u00edrlev\u00e9l feliratkoz\u00e1s - glfree.hu","og_description":"H\u00edrlev\u00e9l feliratkoz\u00e1s","og_url":"https:\/\/glfree.hu\/de\/hirlevel-feliratkozas\/","og_site_name":"glfree.hu","article_publisher":"https:\/\/www.facebook.com\/glfree.egyhelyen","article_modified_time":"2024-08-01T07:11:01+00:00","og_image":[{"url":"https:\/\/glfree.hu\/wp-content\/uploads\/2024\/08\/Mi-a-GLFREE-1366-768--1024x575.webp","type":"","width":"","height":""}],"twitter_card":"summary_large_image","twitter_misc":{"Gesch\u00e4tzte Lesezeit":"1\u00a0Minute"},"schema":{"@context":"https:\/\/schema.org","@graph":[{"@type":"WebPage","@id":"https:\/\/glfree.hu\/hirlevel-feliratkozas\/","url":"https:\/\/glfree.hu\/hirlevel-feliratkozas\/","name":"H\u00edrlev\u00e9l feliratkoz\u00e1s - glfree.hu","isPartOf":{"@id":"https:\/\/glfree.hu\/#website"},"primaryImageOfPage":{"@id":"https:\/\/glfree.hu\/hirlevel-feliratkozas\/#primaryimage"},"image":{"@id":"https:\/\/glfree.hu\/hirlevel-feliratkozas\/#primaryimage"},"thumbnailUrl":"https:\/\/glfree.hu\/wp-content\/uploads\/2024\/08\/Mi-a-GLFREE-1366-768--1024x575.webp","datePublished":"2024-08-01T06:37:01+00:00","dateModified":"2024-08-01T07:11:01+00:00","breadcrumb":{"@id":"https:\/\/glfree.hu\/hirlevel-feliratkozas\/#breadcrumb"},"inLanguage":"de","potentialAction":[{"@type":"ReadAction","target":["https:\/\/glfree.hu\/hirlevel-feliratkozas\/"]}]},{"@type":"ImageObject","inLanguage":"de","@id":"https:\/\/glfree.hu\/hirlevel-feliratkozas\/#primaryimage","url":"https:\/\/glfree.hu\/wp-content\/uploads\/2024\/08\/Mi-a-GLFREE-1366-768--1024x575.webp","contentUrl":"https:\/\/glfree.hu\/wp-content\/uploads\/2024\/08\/Mi-a-GLFREE-1366-768--1024x575.webp"},{"@type":"BreadcrumbList","@id":"https:\/\/glfree.hu\/hirlevel-feliratkozas\/#breadcrumb","itemListElement":[{"@type":"ListItem","position":1,"name":"Kezd\u0151lap","item":"https:\/\/glfree.hu\/"},{"@type":"ListItem","position":2,"name":"H\u00edrlev\u00e9l feliratkoz\u00e1s"}]},{"@type":"WebSite","@id":"https:\/\/glfree.hu\/#website","url":"https:\/\/glfree.hu\/","name":"glfree.hu","description":"\u00dcber glutenfrei - an einem Ort","publisher":{"@id":"https:\/\/glfree.hu\/#organization"},"potentialAction":[{"@type":"SearchAction","target":{"@type":"EntryPoint","urlTemplate":"https:\/\/glfree.hu\/?s={search_term_string}"},"query-input":{"@type":"PropertyValueSpecification","valueRequired":true,"valueName":"search_term_string"}}],"inLanguage":"de"},{"@type":"Organization","@id":"https:\/\/glfree.hu\/#organization","name":"glfree.hu","url":"https:\/\/glfree.hu\/","logo":{"@type":"ImageObject","inLanguage":"de","@id":"https:\/\/glfree.hu\/#\/schema\/logo\/image\/","url":"https:\/\/glfree.hu\/wp-content\/uploads\/2024\/08\/GLFREE_logo_color-300x150-1.webp","contentUrl":"https:\/\/glfree.hu\/wp-content\/uploads\/2024\/08\/GLFREE_logo_color-300x150-1.webp","width":1920,"height":960,"caption":"glfree.hu"},"image":{"@id":"https:\/\/glfree.hu\/#\/schema\/logo\/image\/"},"sameAs":["https:\/\/www.facebook.com\/glfree.egyhelyen","https:\/\/www.instagram.com\/glfree.egy.helyen\/"]}]}},"_links":{"self":[{"href":"https:\/\/glfree.hu\/de\/wp-json\/wp\/v2\/pages\/4773","targetHints":{"allow":["GET"]}}],"collection":[{"href":"https:\/\/glfree.hu\/de\/wp-json\/wp\/v2\/pages"}],"about":[{"href":"https:\/\/glfree.hu\/de\/wp-json\/wp\/v2\/types\/page"}],"author":[{"embeddable":true,"href":"https:\/\/glfree.hu\/de\/wp-json\/wp\/v2\/users\/2"}],"replies":[{"embeddable":true,"href":"https:\/\/glfree.hu\/de\/wp-json\/wp\/v2\/comments?post=4773"}],"version-history":[{"count":5,"href":"https:\/\/glfree.hu\/de\/wp-json\/wp\/v2\/pages\/4773\/revisions"}],"predecessor-version":[{"id":4832,"href":"https:\/\/glfree.hu\/de\/wp-json\/wp\/v2\/pages\/4773\/revisions\/4832"}],"wp:attachment":[{"href":"https:\/\/glfree.hu\/de\/wp-json\/wp\/v2\/media?parent=4773"}],"wp:term":[{"taxonomy":"kategoriak","embeddable":true,"href":"https:\/\/glfree.hu\/de\/wp-json\/wp\/v2\/kategoriak?post=4773"},{"taxonomy":"hf_cat_page","embeddable":true,"href":"https:\/\/glfree.hu\/de\/wp-json\/wp\/v2\/hf_cat_page?post=4773"}],"curies":[{"name":"wp","href":"https:\/\/api.w.org\/{rel}","templated":true}]}}