{"id":418,"date":"2024-05-30T17:09:14","date_gmt":"2024-05-30T17:09:14","guid":{"rendered":"https:\/\/glfree.hu\/?page_id=418"},"modified":"2024-08-01T05:34:15","modified_gmt":"2024-08-01T05:34:15","slug":"glfree-kapcsolat","status":"publish","type":"page","link":"https:\/\/glfree.hu\/de\/glfree-kapcsolat\/","title":{"rendered":"Kontakt"},"content":{"rendered":"<div data-elementor-type=\"wp-page\" data-elementor-id=\"418\" class=\"elementor elementor-418\" data-elementor-post-type=\"page\">\n\t\t\t\t\t\t<section class=\"elementor-section elementor-top-section elementor-element elementor-element-19c821f3 elementor-section-height-min-height elementor-section-boxed elementor-section-height-default elementor-section-items-middle\" data-id=\"19c821f3\" data-element_type=\"section\" data-e-type=\"section\" data-settings=\"{&quot;background_background&quot;:&quot;classic&quot;,&quot;shape_divider_bottom&quot;:&quot;curve-asymmetrical&quot;,&quot;shape_divider_bottom_negative&quot;:&quot;yes&quot;}\">\n\t\t\t\t\t\t\t<div class=\"elementor-background-overlay\"><\/div>\n\t\t\t\t\t\t<div class=\"elementor-shape elementor-shape-bottom\" aria-hidden=\"true\" data-negative=\"true\">\n\t\t\t<svg xmlns=\"http:\/\/www.w3.org\/2000\/svg\" viewbox=\"0 0 1000 100\" preserveaspectratio=\"none\">\n\t<path class=\"elementor-shape-fill\" d=\"M615.2,96.7C240.2,97.8,0,18.9,0,0v100h1000V0C1000,19.2,989.8,96,615.2,96.7z\"\/>\n<\/svg>\t\t<\/div>\n\t\t\t\t\t<div class=\"elementor-container elementor-column-gap-default\">\n\t\t\t\t\t<div class=\"elementor-column elementor-col-100 elementor-top-column elementor-element elementor-element-4cb03785\" data-id=\"4cb03785\" data-element_type=\"column\" data-e-type=\"column\">\n\t\t\t<div class=\"elementor-widget-wrap elementor-element-populated\">\n\t\t\t\t\t\t<div class=\"elementor-element elementor-element-332d257 elementor-icon-list--layout-inline elementor-align-center elementor-list-item-link-full_width elementor-widget elementor-widget-icon-list\" data-id=\"332d257\" data-element_type=\"widget\" data-e-type=\"widget\" data-widget_type=\"icon-list.default\">\n\t\t\t\t<div class=\"elementor-widget-container\">\n\t\t\t\t\t\t\t<ul class=\"elementor-icon-list-items elementor-inline-items\">\n\t\t\t\t\t\t\t<li class=\"elementor-icon-list-item elementor-inline-item\">\n\t\t\t\t\t\t\t\t\t\t<span class=\"elementor-icon-list-text\">Startseite<\/span>\n\t\t\t\t\t\t\t\t\t<\/li>\n\t\t\t\t\t\t\t\t<li class=\"elementor-icon-list-item elementor-inline-item\">\n\t\t\t\t\t\t\t\t\t\t\t<span class=\"elementor-icon-list-icon\">\n\t\t\t\t\t\t\t<svg aria-hidden=\"true\" class=\"e-font-icon-svg e-fas-arrow-right\" viewbox=\"0 0 448 512\" xmlns=\"http:\/\/www.w3.org\/2000\/svg\"><path d=\"M190.5 66.9l22.2-22.2c9.4-9.4 24.6-9.4 33.9 0L441 239c9.4 9.4 9.4 24.6 0 33.9L246.6 467.3c-9.4 9.4-24.6 9.4-33.9 0l-22.2-22.2c-9.5-9.5-9.3-25 .4-34.3L311.4 296H24c-13.3 0-24-10.7-24-24v-32c0-13.3 10.7-24 24-24h287.4L190.9 101.2c-9.8-9.3-10-24.8-.4-34.3z\"><\/path><\/svg>\t\t\t\t\t\t<\/span>\n\t\t\t\t\t\t\t\t\t\t<span class=\"elementor-icon-list-text\">Kontakt<\/span>\n\t\t\t\t\t\t\t\t\t<\/li>\n\t\t\t\t\t\t<\/ul>\n\t\t\t\t\t\t<\/div>\n\t\t\t\t<\/div>\n\t\t\t\t\t<\/div>\n\t\t<\/div>\n\t\t\t\t\t<\/div>\n\t\t<\/section>\n\t\t\t\t<section class=\"elementor-section elementor-top-section elementor-element elementor-element-240732f3 elementor-section-boxed elementor-section-height-default elementor-section-height-default\" data-id=\"240732f3\" data-element_type=\"section\" data-e-type=\"section\">\n\t\t\t\t\t\t\t<div class=\"elementor-background-overlay\"><\/div>\n\t\t\t\t\t\t\t<div class=\"elementor-container elementor-column-gap-default\">\n\t\t\t\t\t<div class=\"elementor-column elementor-col-50 elementor-top-column elementor-element elementor-element-29534cbf\" data-id=\"29534cbf\" data-element_type=\"column\" data-e-type=\"column\" data-settings=\"{&quot;background_background&quot;:&quot;classic&quot;}\">\n\t\t\t<div class=\"elementor-widget-wrap elementor-element-populated\">\n\t\t\t\t\t\t<div class=\"elementor-element elementor-element-30e0f946 elementor-widget elementor-widget-heading\" data-id=\"30e0f946\" data-element_type=\"widget\" data-e-type=\"widget\" data-widget_type=\"heading.default\">\n\t\t\t\t<div class=\"elementor-widget-container\">\n\t\t\t\t\t<h4 class=\"elementor-heading-title elementor-size-default\">Hier k\u00f6nnen Sie uns eine Nachricht schicken!<\/h4>\t\t\t\t<\/div>\n\t\t\t\t<\/div>\n\t\t\t\t<div class=\"elementor-element elementor-element-f911a4f elementor-widget elementor-widget-text-editor\" data-id=\"f911a4f\" data-element_type=\"widget\" data-e-type=\"widget\" data-widget_type=\"text-editor.default\">\n\t\t\t\t<div class=\"elementor-widget-container\">\n\t\t\t\t\t\t\t\t\t<p>Geben Sie Ihren Namen und Ihre E-Mail-Adresse ein, w\u00e4hlen Sie das Thema, \u00fcber das Sie schreiben m\u00f6chten, und schreiben Sie Ihre Nachricht. Wir werden uns so schnell wie m\u00f6glich bei Ihnen melden!<\/p>\t\t\t\t\t\t\t\t<\/div>\n\t\t\t\t<\/div>\n\t\t<div class=\"elementor-element elementor-element-d6f119a e-con-full e-flex e-con e-parent\" data-id=\"d6f119a\" data-element_type=\"container\" data-e-type=\"container\">\n\t\t\t\t<div class=\"elementor-element elementor-element-2a3f297 elementor-widget elementor-widget-html\" data-id=\"2a3f297\" data-element_type=\"widget\" data-e-type=\"widget\" data-widget_type=\"html.default\">\n\t\t\t\t<div class=\"elementor-widget-container\">\n\t\t\t\t\t<iframe\r\n  src=\"https:\/\/link.lvlupyourbusiness.com\/widget\/form\/nugOBXG0Wh4oo0L8h6qZ\"\r\n  style=\"width:100%;height:100%;border:none;border-radius:4px\"\r\n  id=\"inline-nugOBXG0Wh4oo0L8h6qZ\" \r\n  data-layout=\"{'id':'INLINE'}\"\r\n  data-trigger-type=\"alwaysShow\"\r\n  data-trigger-value=\"\"\r\n  data-activation-type=\"alwaysActivated\"\r\n  data-activation-value=\"\"\r\n  data-deactivation-type=\"neverDeactivate\"\r\n  data-deactivation-value=\"\"\r\n  data-form-name=\"Kapcsolat Felv\u00e9teli \u0170rlap\"\r\n  data-height=\"1536\"\r\n  data-layout-iframe-id=\"inline-nugOBXG0Wh4oo0L8h6qZ\"\r\n  data-form-id=\"nugOBXG0Wh4oo0L8h6qZ\"\r\n  title=\"Kontakt Aufnahmeformular\"\r\n      >\r\n<\/iframe>\r\n<script src=\"https:\/\/link.lvlupyourbusiness.com\/js\/form_embed.js\"><\/script>\t\t\t\t<\/div>\n\t\t\t\t<\/div>\n\t\t\t\t<\/div>\n\t\t\t\t\t<\/div>\n\t\t<\/div>\n\t\t\t\t<div class=\"elementor-column elementor-col-50 elementor-top-column elementor-element elementor-element-7570412\" data-id=\"7570412\" data-element_type=\"column\" data-e-type=\"column\">\n\t\t\t<div class=\"elementor-widget-wrap elementor-element-populated\">\n\t\t\t\t\t\t<div class=\"elementor-element elementor-element-4cadd272 elementor-widget elementor-widget-heading\" data-id=\"4cadd272\" data-element_type=\"widget\" data-e-type=\"widget\" data-widget_type=\"heading.default\">\n\t\t\t\t<div class=\"elementor-widget-container\">\n\t\t\t\t\t<h2 class=\"elementor-heading-title elementor-size-default\">Schreiben Sie uns!<\/h2>\t\t\t\t<\/div>\n\t\t\t\t<\/div>\n\t\t\t\t<div class=\"elementor-element elementor-element-1a3c86b9 elementor-widget elementor-widget-text-editor\" data-id=\"1a3c86b9\" data-element_type=\"widget\" data-e-type=\"widget\" data-widget_type=\"text-editor.default\">\n\t\t\t\t<div class=\"elementor-widget-container\">\n\t\t\t\t\t\t\t\t\t<p>Sie haben eine Frage? Haben Sie eine Idee? Oder sind Sie mit etwas unzufrieden? F\u00fcllen Sie das untenstehende Formular aus und senden Sie es uns zu. Wir werden uns so schnell wie m\u00f6glich bei Ihnen melden.<\/p>\t\t\t\t\t\t\t\t<\/div>\n\t\t\t\t<\/div>\n\t\t\t\t<div class=\"elementor-element elementor-element-7b5dd235 elementor-view-stacked elementor-position-inline-start elementor-shape-circle elementor-mobile-position-block-start elementor-widget elementor-widget-icon-box\" data-id=\"7b5dd235\" data-element_type=\"widget\" data-e-type=\"widget\" data-widget_type=\"icon-box.default\">\n\t\t\t\t<div class=\"elementor-widget-container\">\n\t\t\t\t\t\t\t<div class=\"elementor-icon-box-wrapper\">\n\n\t\t\t\t\t\t<div class=\"elementor-icon-box-icon\">\n\t\t\t\t<span  class=\"elementor-icon\">\n\t\t\t\t<i aria-hidden=\"true\" class=\"icon icon-envelope2\"><\/i>\t\t\t\t<\/span>\n\t\t\t<\/div>\n\t\t\t\n\t\t\t\t\t\t<div class=\"elementor-icon-box-content\">\n\n\t\t\t\t\t\t\t\t\t<h5 class=\"elementor-icon-box-title\">\n\t\t\t\t\t\t<span  >\n\t\t\t\t\t\t\tE-Mail \t\t\t\t\t\t<\/span>\n\t\t\t\t\t<\/h5>\n\t\t\t\t\n\t\t\t\t\t\t\t\t\t<p class=\"elementor-icon-box-description\">\n\t\t\t\t\t\tinfo@glfree.hu\t\t\t\t\t<\/p>\n\t\t\t\t\n\t\t\t<\/div>\n\t\t\t\n\t\t<\/div>\n\t\t\t\t\t\t<\/div>\n\t\t\t\t<\/div>\n\t\t\t\t\t<\/div>\n\t\t<\/div>\n\t\t\t\t\t<\/div>\n\t\t<\/section>\n\t\t\t\t<\/div>","protected":false},"excerpt":{"rendered":"<p>Hier finden Sie alles, was Sie \u00fcber das glutenfreie Leben wissen m\u00fcssen. Hier k\u00f6nnen Sie uns kontaktieren, wenn Sie Ideen, Vorschl\u00e4ge oder Fragen haben.<\/p>","protected":false},"author":1,"featured_media":757,"parent":0,"menu_order":0,"comment_status":"closed","ping_status":"closed","template":"elementor_header_footer","meta":{"footnotes":""},"kategoriak":[],"hf_cat_page":[],"class_list":["post-418","page","type-page","status-publish","has-post-thumbnail","hentry"],"yoast_head":"<!-- This site is optimized with the Yoast SEO plugin v27.3 - https:\/\/yoast.com\/product\/yoast-seo-wordpress\/ -->\n<title>Kapcsolat - glfree.hu<\/title>\n<meta name=\"description\" content=\"A GLFREE kapcsolat oldalon tudsz vel\u00fcnk nek\u00fcnk \u00edrni ha \u00f6tleted, javaslatod vagy k\u00e9rd\u00e9sed van. A glut\u00e9nmentes \u00e9letben egy helyen vagyunk!\" \/>\n<meta name=\"robots\" content=\"index, follow, max-snippet:-1, max-image-preview:large, max-video-preview:-1\" \/>\n<link rel=\"canonical\" href=\"https:\/\/glfree.hu\/de\/glfree-kapcsolat\/\" \/>\n<meta property=\"og:locale\" content=\"de_DE\" \/>\n<meta property=\"og:type\" content=\"article\" \/>\n<meta property=\"og:title\" content=\"Kapcsolat - glfree.hu\" \/>\n<meta property=\"og:description\" content=\"A GLFREE kapcsolat oldalon tudsz vel\u00fcnk nek\u00fcnk \u00edrni ha \u00f6tleted, javaslatod vagy k\u00e9rd\u00e9sed van. A glut\u00e9nmentes \u00e9letben egy helyen vagyunk!\" \/>\n<meta property=\"og:url\" content=\"https:\/\/glfree.hu\/de\/glfree-kapcsolat\/\" \/>\n<meta property=\"og:site_name\" content=\"glfree.hu\" \/>\n<meta property=\"article:publisher\" content=\"https:\/\/www.facebook.com\/glfree.egyhelyen\" \/>\n<meta property=\"article:modified_time\" content=\"2024-08-01T05:34:15+00:00\" \/>\n<meta property=\"og:image\" content=\"https:\/\/glfree.hu\/wp-content\/uploads\/2024\/06\/A-glutenmentes-elet-kerdeseire-valaszt-talalsz.jpg\" \/>\n\t<meta property=\"og:image:width\" content=\"1080\" \/>\n\t<meta property=\"og:image:height\" content=\"1080\" \/>\n\t<meta property=\"og:image:type\" content=\"image\/jpeg\" \/>\n<meta name=\"twitter:card\" content=\"summary_large_image\" \/>\n<meta name=\"twitter:label1\" content=\"Gesch\u00e4tzte Lesezeit\" \/>\n\t<meta name=\"twitter:data1\" content=\"1\u00a0Minute\" \/>\n<script type=\"application\/ld+json\" class=\"yoast-schema-graph\">{\"@context\":\"https:\\\/\\\/schema.org\",\"@graph\":[{\"@type\":\"WebPage\",\"@id\":\"https:\\\/\\\/glfree.hu\\\/glfree-kapcsolat\\\/\",\"url\":\"https:\\\/\\\/glfree.hu\\\/glfree-kapcsolat\\\/\",\"name\":\"Kapcsolat - glfree.hu\",\"isPartOf\":{\"@id\":\"https:\\\/\\\/glfree.hu\\\/#website\"},\"primaryImageOfPage\":{\"@id\":\"https:\\\/\\\/glfree.hu\\\/glfree-kapcsolat\\\/#primaryimage\"},\"image\":{\"@id\":\"https:\\\/\\\/glfree.hu\\\/glfree-kapcsolat\\\/#primaryimage\"},\"thumbnailUrl\":\"https:\\\/\\\/glfree.hu\\\/wp-content\\\/uploads\\\/2024\\\/06\\\/A-glutenmentes-elet-kerdeseire-valaszt-talalsz.jpg\",\"datePublished\":\"2024-05-30T17:09:14+00:00\",\"dateModified\":\"2024-08-01T05:34:15+00:00\",\"description\":\"A GLFREE kapcsolat oldalon tudsz vel\u00fcnk nek\u00fcnk \u00edrni ha \u00f6tleted, javaslatod vagy k\u00e9rd\u00e9sed van. A glut\u00e9nmentes \u00e9letben egy helyen vagyunk!\",\"breadcrumb\":{\"@id\":\"https:\\\/\\\/glfree.hu\\\/glfree-kapcsolat\\\/#breadcrumb\"},\"inLanguage\":\"de\",\"potentialAction\":[{\"@type\":\"ReadAction\",\"target\":[\"https:\\\/\\\/glfree.hu\\\/glfree-kapcsolat\\\/\"]}]},{\"@type\":\"ImageObject\",\"inLanguage\":\"de\",\"@id\":\"https:\\\/\\\/glfree.hu\\\/glfree-kapcsolat\\\/#primaryimage\",\"url\":\"https:\\\/\\\/glfree.hu\\\/wp-content\\\/uploads\\\/2024\\\/06\\\/A-glutenmentes-elet-kerdeseire-valaszt-talalsz.jpg\",\"contentUrl\":\"https:\\\/\\\/glfree.hu\\\/wp-content\\\/uploads\\\/2024\\\/06\\\/A-glutenmentes-elet-kerdeseire-valaszt-talalsz.jpg\",\"width\":1080,\"height\":1080,\"caption\":\"A glut\u00e9nmentes \u00e9let k\u00e9rd\u00e9seire v\u00e1laszt adunk.\"},{\"@type\":\"BreadcrumbList\",\"@id\":\"https:\\\/\\\/glfree.hu\\\/glfree-kapcsolat\\\/#breadcrumb\",\"itemListElement\":[{\"@type\":\"ListItem\",\"position\":1,\"name\":\"Kezd\u0151lap\",\"item\":\"https:\\\/\\\/glfree.hu\\\/\"},{\"@type\":\"ListItem\",\"position\":2,\"name\":\"Kapcsolat\"}]},{\"@type\":\"WebSite\",\"@id\":\"https:\\\/\\\/glfree.hu\\\/#website\",\"url\":\"https:\\\/\\\/glfree.hu\\\/\",\"name\":\"glfree.hu\",\"description\":\"Glut\u00e9nmentess\u00e9gr\u0151l - egy helyen\",\"publisher\":{\"@id\":\"https:\\\/\\\/glfree.hu\\\/#organization\"},\"potentialAction\":[{\"@type\":\"SearchAction\",\"target\":{\"@type\":\"EntryPoint\",\"urlTemplate\":\"https:\\\/\\\/glfree.hu\\\/?s={search_term_string}\"},\"query-input\":{\"@type\":\"PropertyValueSpecification\",\"valueRequired\":true,\"valueName\":\"search_term_string\"}}],\"inLanguage\":\"de\"},{\"@type\":\"Organization\",\"@id\":\"https:\\\/\\\/glfree.hu\\\/#organization\",\"name\":\"glfree.hu\",\"url\":\"https:\\\/\\\/glfree.hu\\\/\",\"logo\":{\"@type\":\"ImageObject\",\"inLanguage\":\"de\",\"@id\":\"https:\\\/\\\/glfree.hu\\\/#\\\/schema\\\/logo\\\/image\\\/\",\"url\":\"https:\\\/\\\/glfree.hu\\\/wp-content\\\/uploads\\\/2024\\\/08\\\/GLFREE_logo_color-300x150-1.webp\",\"contentUrl\":\"https:\\\/\\\/glfree.hu\\\/wp-content\\\/uploads\\\/2024\\\/08\\\/GLFREE_logo_color-300x150-1.webp\",\"width\":1920,\"height\":960,\"caption\":\"glfree.hu\"},\"image\":{\"@id\":\"https:\\\/\\\/glfree.hu\\\/#\\\/schema\\\/logo\\\/image\\\/\"},\"sameAs\":[\"https:\\\/\\\/www.facebook.com\\\/glfree.egyhelyen\",\"https:\\\/\\\/www.instagram.com\\\/glfree.egy.helyen\\\/\"]}]}<\/script>\n<!-- \/ Yoast SEO plugin. -->","yoast_head_json":{"title":"Kontakt - glfree.hu","description":"Sie k\u00f6nnen uns auf der GLFREE-Kontaktseite kontaktieren, wenn Sie Ideen, Vorschl\u00e4ge oder Fragen haben. Wir sind ein Ort im glutenfreien Leben!","robots":{"index":"index","follow":"follow","max-snippet":"max-snippet:-1","max-image-preview":"max-image-preview:large","max-video-preview":"max-video-preview:-1"},"canonical":"https:\/\/glfree.hu\/de\/glfree-kapcsolat\/","og_locale":"de_DE","og_type":"article","og_title":"Kapcsolat - glfree.hu","og_description":"A GLFREE kapcsolat oldalon tudsz vel\u00fcnk nek\u00fcnk \u00edrni ha \u00f6tleted, javaslatod vagy k\u00e9rd\u00e9sed van. A glut\u00e9nmentes \u00e9letben egy helyen vagyunk!","og_url":"https:\/\/glfree.hu\/de\/glfree-kapcsolat\/","og_site_name":"glfree.hu","article_publisher":"https:\/\/www.facebook.com\/glfree.egyhelyen","article_modified_time":"2024-08-01T05:34:15+00:00","og_image":[{"width":1080,"height":1080,"url":"https:\/\/glfree.hu\/wp-content\/uploads\/2024\/06\/A-glutenmentes-elet-kerdeseire-valaszt-talalsz.jpg","type":"image\/jpeg"}],"twitter_card":"summary_large_image","twitter_misc":{"Gesch\u00e4tzte Lesezeit":"1\u00a0Minute"},"schema":{"@context":"https:\/\/schema.org","@graph":[{"@type":"WebPage","@id":"https:\/\/glfree.hu\/glfree-kapcsolat\/","url":"https:\/\/glfree.hu\/glfree-kapcsolat\/","name":"Kontakt - glfree.hu","isPartOf":{"@id":"https:\/\/glfree.hu\/#website"},"primaryImageOfPage":{"@id":"https:\/\/glfree.hu\/glfree-kapcsolat\/#primaryimage"},"image":{"@id":"https:\/\/glfree.hu\/glfree-kapcsolat\/#primaryimage"},"thumbnailUrl":"https:\/\/glfree.hu\/wp-content\/uploads\/2024\/06\/A-glutenmentes-elet-kerdeseire-valaszt-talalsz.jpg","datePublished":"2024-05-30T17:09:14+00:00","dateModified":"2024-08-01T05:34:15+00:00","description":"Sie k\u00f6nnen uns auf der GLFREE-Kontaktseite kontaktieren, wenn Sie Ideen, Vorschl\u00e4ge oder Fragen haben. Wir sind ein Ort im glutenfreien Leben!","breadcrumb":{"@id":"https:\/\/glfree.hu\/glfree-kapcsolat\/#breadcrumb"},"inLanguage":"de","potentialAction":[{"@type":"ReadAction","target":["https:\/\/glfree.hu\/glfree-kapcsolat\/"]}]},{"@type":"ImageObject","inLanguage":"de","@id":"https:\/\/glfree.hu\/glfree-kapcsolat\/#primaryimage","url":"https:\/\/glfree.hu\/wp-content\/uploads\/2024\/06\/A-glutenmentes-elet-kerdeseire-valaszt-talalsz.jpg","contentUrl":"https:\/\/glfree.hu\/wp-content\/uploads\/2024\/06\/A-glutenmentes-elet-kerdeseire-valaszt-talalsz.jpg","width":1080,"height":1080,"caption":"A glut\u00e9nmentes \u00e9let k\u00e9rd\u00e9seire v\u00e1laszt adunk."},{"@type":"BreadcrumbList","@id":"https:\/\/glfree.hu\/glfree-kapcsolat\/#breadcrumb","itemListElement":[{"@type":"ListItem","position":1,"name":"Kezd\u0151lap","item":"https:\/\/glfree.hu\/"},{"@type":"ListItem","position":2,"name":"Kapcsolat"}]},{"@type":"WebSite","@id":"https:\/\/glfree.hu\/#website","url":"https:\/\/glfree.hu\/","name":"glfree.hu","description":"\u00dcber glutenfrei - an einem Ort","publisher":{"@id":"https:\/\/glfree.hu\/#organization"},"potentialAction":[{"@type":"SearchAction","target":{"@type":"EntryPoint","urlTemplate":"https:\/\/glfree.hu\/?s={search_term_string}"},"query-input":{"@type":"PropertyValueSpecification","valueRequired":true,"valueName":"search_term_string"}}],"inLanguage":"de"},{"@type":"Organization","@id":"https:\/\/glfree.hu\/#organization","name":"glfree.hu","url":"https:\/\/glfree.hu\/","logo":{"@type":"ImageObject","inLanguage":"de","@id":"https:\/\/glfree.hu\/#\/schema\/logo\/image\/","url":"https:\/\/glfree.hu\/wp-content\/uploads\/2024\/08\/GLFREE_logo_color-300x150-1.webp","contentUrl":"https:\/\/glfree.hu\/wp-content\/uploads\/2024\/08\/GLFREE_logo_color-300x150-1.webp","width":1920,"height":960,"caption":"glfree.hu"},"image":{"@id":"https:\/\/glfree.hu\/#\/schema\/logo\/image\/"},"sameAs":["https:\/\/www.facebook.com\/glfree.egyhelyen","https:\/\/www.instagram.com\/glfree.egy.helyen\/"]}]}},"_links":{"self":[{"href":"https:\/\/glfree.hu\/de\/wp-json\/wp\/v2\/pages\/418","targetHints":{"allow":["GET"]}}],"collection":[{"href":"https:\/\/glfree.hu\/de\/wp-json\/wp\/v2\/pages"}],"about":[{"href":"https:\/\/glfree.hu\/de\/wp-json\/wp\/v2\/types\/page"}],"author":[{"embeddable":true,"href":"https:\/\/glfree.hu\/de\/wp-json\/wp\/v2\/users\/1"}],"replies":[{"embeddable":true,"href":"https:\/\/glfree.hu\/de\/wp-json\/wp\/v2\/comments?post=418"}],"version-history":[{"count":5,"href":"https:\/\/glfree.hu\/de\/wp-json\/wp\/v2\/pages\/418\/revisions"}],"predecessor-version":[{"id":4729,"href":"https:\/\/glfree.hu\/de\/wp-json\/wp\/v2\/pages\/418\/revisions\/4729"}],"wp:featuredmedia":[{"embeddable":true,"href":"https:\/\/glfree.hu\/de\/wp-json\/wp\/v2\/media\/757"}],"wp:attachment":[{"href":"https:\/\/glfree.hu\/de\/wp-json\/wp\/v2\/media?parent=418"}],"wp:term":[{"taxonomy":"kategoriak","embeddable":true,"href":"https:\/\/glfree.hu\/de\/wp-json\/wp\/v2\/kategoriak?post=418"},{"taxonomy":"hf_cat_page","embeddable":true,"href":"https:\/\/glfree.hu\/de\/wp-json\/wp\/v2\/hf_cat_page?post=418"}],"curies":[{"name":"wp","href":"https:\/\/api.w.org\/{rel}","templated":true}]}}