{"id":2378,"date":"2024-06-21T08:40:25","date_gmt":"2024-06-21T08:40:25","guid":{"rendered":"https:\/\/glfree.hu\/?page_id=2378"},"modified":"2024-07-19T11:55:36","modified_gmt":"2024-07-19T11:55:36","slug":"nem-megfelelo-jogosultsag","status":"publish","type":"page","link":"https:\/\/glfree.hu\/de\/nem-megfelelo-jogosultsag\/","title":{"rendered":"Nem megfelel\u0151 jogosults\u00e1g"},"content":{"rendered":"<div data-elementor-type=\"wp-page\" data-elementor-id=\"2378\" class=\"elementor elementor-2378\" data-elementor-post-type=\"page\">\n\t\t\t\t<div class=\"elementor-element elementor-element-88641a4 e-flex e-con-boxed e-con e-parent\" data-id=\"88641a4\" data-element_type=\"container\" data-e-type=\"container\" data-settings=\"{&quot;background_background&quot;:&quot;classic&quot;}\">\n\t\t\t\t\t<div class=\"e-con-inner\">\n\t\t\t\t\t<\/div>\n\t\t\t\t<\/div>\n\t\t<div class=\"elementor-element elementor-element-31adcfc e-flex e-con-boxed e-con e-parent\" data-id=\"31adcfc\" data-element_type=\"container\" data-e-type=\"container\" data-settings=\"{&quot;background_background&quot;:&quot;classic&quot;}\">\n\t\t\t\t\t<div class=\"e-con-inner\">\n\t\t<div class=\"elementor-element elementor-element-15fb917 e-con-full e-flex e-con e-child\" data-id=\"15fb917\" data-element_type=\"container\" data-e-type=\"container\">\n\t\t\t\t<div class=\"elementor-element elementor-element-e96f4e4 elementor-widget__width-inherit elementor-widget elementor-widget-heading\" data-id=\"e96f4e4\" data-element_type=\"widget\" data-e-type=\"widget\" data-widget_type=\"heading.default\">\n\t\t\t\t<div class=\"elementor-widget-container\">\n\t\t\t\t\t<h2 class=\"elementor-heading-title elementor-size-default\">Hoppla, Sie haben leider keinen Zugang zu diesem Inhalt!<\/h2>\t\t\t\t<\/div>\n\t\t\t\t<\/div>\n\t\t\t\t<div class=\"elementor-element elementor-element-cc1ac2e elementor-widget elementor-widget-heading\" data-id=\"cc1ac2e\" data-element_type=\"widget\" data-e-type=\"widget\" data-widget_type=\"heading.default\">\n\t\t\t\t<div class=\"elementor-widget-container\">\n\t\t\t\t\t<h2 class=\"elementor-heading-title elementor-size-default\">DIES IST AUS 2 GR\u00dcNDEN M\u00d6GLICH:<\/h2>\t\t\t\t<\/div>\n\t\t\t\t<\/div>\n\t\t\t\t<div class=\"elementor-element elementor-element-9a05202 elementor-widget elementor-widget-text-editor\" data-id=\"9a05202\" data-element_type=\"widget\" data-e-type=\"widget\" data-widget_type=\"text-editor.default\">\n\t\t\t\t<div class=\"elementor-widget-container\">\n\t\t\t\t\t\t\t\t\t<ol><li>Sie haben bereits ein Abonnement f\u00fcr den Inhalt, sind aber nicht angemeldet. In diesem Fall melden Sie sich mit dem unten stehenden Anmeldeformular an.<\/li><li>Wenn Sie kein GLFREE-Abonnement haben, k\u00f6nnen Sie sich jetzt anmelden, um alle Inhalte auf GLFREE zu erhalten.<\/li><\/ol>\t\t\t\t\t\t\t\t<\/div>\n\t\t\t\t<\/div>\n\t\t<div class=\"elementor-element elementor-element-7ea96cb e-con-full e-flex e-con e-child\" data-id=\"7ea96cb\" data-element_type=\"container\" data-e-type=\"container\">\n\t\t\t\t<div class=\"elementor-element elementor-element-cc46b18 elementor-mobile-align-center elementor-widget elementor-widget-button\" data-id=\"cc46b18\" data-element_type=\"widget\" data-e-type=\"widget\" data-widget_type=\"button.default\">\n\t\t\t\t<div class=\"elementor-widget-container\">\n\t\t\t\t\t\t\t\t\t<div class=\"elementor-button-wrapper\">\n\t\t\t\t\t<a class=\"elementor-button elementor-button-link elementor-size-lg elementor-animation-wobble-horizontal\" href=\"https:\/\/glfree.hu\/de\/bejelentkezes\/\">\n\t\t\t\t\t\t<span class=\"elementor-button-content-wrapper\">\n\t\t\t\t\t\t\t\t\t<span class=\"elementor-button-text\">Einloggen unter<\/span>\n\t\t\t\t\t<\/span>\n\t\t\t\t\t<\/a>\n\t\t\t\t<\/div>\n\t\t\t\t\t\t\t\t<\/div>\n\t\t\t\t<\/div>\n\t\t\t\t<div class=\"elementor-element elementor-element-04f080e elementor-mobile-align-center elementor-widget elementor-widget-button\" data-id=\"04f080e\" data-element_type=\"widget\" data-e-type=\"widget\" data-widget_type=\"button.default\">\n\t\t\t\t<div class=\"elementor-widget-container\">\n\t\t\t\t\t\t\t\t\t<div class=\"elementor-button-wrapper\">\n\t\t\t\t\t<a class=\"elementor-button elementor-button-link elementor-size-lg elementor-animation-wobble-horizontal\" href=\"https:\/\/glfree.hu\/de\/glfree-leszek-elofizetes\/\">\n\t\t\t\t\t\t<span class=\"elementor-button-content-wrapper\">\n\t\t\t\t\t\t\t\t\t<span class=\"elementor-button-text\">GLFREE-Abonnement<\/span>\n\t\t\t\t\t<\/span>\n\t\t\t\t\t<\/a>\n\t\t\t\t<\/div>\n\t\t\t\t\t\t\t\t<\/div>\n\t\t\t\t<\/div>\n\t\t\t\t<\/div>\n\t\t\t\t<\/div>\n\t\t\t\t\t<\/div>\n\t\t\t\t<\/div>\n\t\t<div class=\"elementor-element elementor-element-92934f9 e-flex e-con-boxed e-con e-parent\" data-id=\"92934f9\" data-element_type=\"container\" data-e-type=\"container\">\n\t\t\t\t\t<div class=\"e-con-inner\">\n\t\t\t\t<div class=\"elementor-element elementor-element-e990722 elementor-widget__width-initial elementor-widget-mobile__width-initial elementor-widget elementor-widget-image\" data-id=\"e990722\" data-element_type=\"widget\" data-e-type=\"widget\" data-widget_type=\"image.default\">\n\t\t\t\t<div class=\"elementor-widget-container\">\n\t\t\t\t\t\t\t\t\t\t\t\t\t\t\t<img fetchpriority=\"high\" decoding=\"async\" width=\"800\" height=\"671\" src=\"https:\/\/glfree.hu\/wp-content\/uploads\/2024\/06\/Ezek-varnak-rad-a-glfree.hu-n.jpg\" class=\"attachment-large size-large wp-image-1040\" alt=\"A GLFREE-ne ezek v\u00e1rnak.\" srcset=\"https:\/\/glfree.hu\/wp-content\/uploads\/2024\/06\/Ezek-varnak-rad-a-glfree.hu-n.jpg 940w, https:\/\/glfree.hu\/wp-content\/uploads\/2024\/06\/Ezek-varnak-rad-a-glfree.hu-n-600x503.jpg 600w, https:\/\/glfree.hu\/wp-content\/uploads\/2024\/06\/Ezek-varnak-rad-a-glfree.hu-n-300x251.jpg 300w, https:\/\/glfree.hu\/wp-content\/uploads\/2024\/06\/Ezek-varnak-rad-a-glfree.hu-n-768x644.jpg 768w\" sizes=\"(max-width: 800px) 100vw, 800px\" \/>\t\t\t\t\t\t\t\t\t\t\t\t\t\t\t<\/div>\n\t\t\t\t<\/div>\n\t\t\t\t\t<\/div>\n\t\t\t\t<\/div>\n\t\t\t\t<\/div>","protected":false},"excerpt":{"rendered":"<p>Ugyan van m\u00e1r a tartalomhoz sz\u00fcks\u00e9ges el\u0151fizet\u00e9sed, de nem vagy bejelentkezve.<br \/>\nAmennyiben nincsen GLFREE el\u0151fizet\u00e9sed, most el\u0151fizethetsz.<\/p>","protected":false},"author":1,"featured_media":1218,"parent":0,"menu_order":0,"comment_status":"closed","ping_status":"closed","template":"","meta":{"footnotes":""},"kategoriak":[],"hf_cat_page":[],"class_list":["post-2378","page","type-page","status-publish","has-post-thumbnail","hentry"],"yoast_head":"<!-- This site is optimized with the Yoast SEO plugin v27.3 - https:\/\/yoast.com\/product\/yoast-seo-wordpress\/ -->\n<title>Nem megfelel\u0151 jogosults\u00e1g - glfree.hu<\/title>\n<meta name=\"description\" content=\"Ugyan van m\u00e1r a tartalomhoz sz\u00fcks\u00e9ges el\u0151fizet\u00e9sed, de nem vagy bejelentkezve. Amennyiben nincsen GLFREE el\u0151fizet\u00e9sed, most el\u0151fizethetsz.\" \/>\n<meta name=\"robots\" content=\"index, follow, max-snippet:-1, max-image-preview:large, max-video-preview:-1\" \/>\n<link rel=\"canonical\" href=\"https:\/\/glfree.hu\/de\/nem-megfelelo-jogosultsag\/\" \/>\n<meta property=\"og:locale\" content=\"de_DE\" \/>\n<meta property=\"og:type\" content=\"article\" \/>\n<meta property=\"og:title\" content=\"Nem megfelel\u0151 jogosults\u00e1g - glfree.hu\" \/>\n<meta property=\"og:description\" content=\"Ugyan van m\u00e1r a tartalomhoz sz\u00fcks\u00e9ges el\u0151fizet\u00e9sed, de nem vagy bejelentkezve. Amennyiben nincsen GLFREE el\u0151fizet\u00e9sed, most el\u0151fizethetsz.\" \/>\n<meta property=\"og:url\" content=\"https:\/\/glfree.hu\/de\/nem-megfelelo-jogosultsag\/\" \/>\n<meta property=\"og:site_name\" content=\"glfree.hu\" \/>\n<meta property=\"article:publisher\" content=\"https:\/\/www.facebook.com\/glfree.egyhelyen\" \/>\n<meta property=\"article:modified_time\" content=\"2024-07-19T11:55:36+00:00\" \/>\n<meta property=\"og:image\" content=\"https:\/\/glfree.hu\/wp-content\/uploads\/2024\/06\/Ezek-varnak-rad-a-glfree.hu-n-1080-x-1080-keppont.jpg\" \/>\n\t<meta property=\"og:image:width\" content=\"1080\" \/>\n\t<meta property=\"og:image:height\" content=\"1080\" \/>\n\t<meta property=\"og:image:type\" content=\"image\/jpeg\" \/>\n<meta name=\"twitter:card\" content=\"summary_large_image\" \/>\n<meta name=\"twitter:label1\" content=\"Gesch\u00e4tzte Lesezeit\" \/>\n\t<meta name=\"twitter:data1\" content=\"1\u00a0Minute\" \/>\n<script type=\"application\/ld+json\" class=\"yoast-schema-graph\">{\"@context\":\"https:\\\/\\\/schema.org\",\"@graph\":[{\"@type\":\"WebPage\",\"@id\":\"https:\\\/\\\/glfree.hu\\\/nem-megfelelo-jogosultsag\\\/\",\"url\":\"https:\\\/\\\/glfree.hu\\\/nem-megfelelo-jogosultsag\\\/\",\"name\":\"Nem megfelel\u0151 jogosults\u00e1g - glfree.hu\",\"isPartOf\":{\"@id\":\"https:\\\/\\\/glfree.hu\\\/#website\"},\"primaryImageOfPage\":{\"@id\":\"https:\\\/\\\/glfree.hu\\\/nem-megfelelo-jogosultsag\\\/#primaryimage\"},\"image\":{\"@id\":\"https:\\\/\\\/glfree.hu\\\/nem-megfelelo-jogosultsag\\\/#primaryimage\"},\"thumbnailUrl\":\"https:\\\/\\\/glfree.hu\\\/wp-content\\\/uploads\\\/2024\\\/06\\\/Ezek-varnak-rad-a-glfree.hu-n-1080-x-1080-keppont.jpg\",\"datePublished\":\"2024-06-21T08:40:25+00:00\",\"dateModified\":\"2024-07-19T11:55:36+00:00\",\"description\":\"Ugyan van m\u00e1r a tartalomhoz sz\u00fcks\u00e9ges el\u0151fizet\u00e9sed, de nem vagy bejelentkezve. Amennyiben nincsen GLFREE el\u0151fizet\u00e9sed, most el\u0151fizethetsz.\",\"breadcrumb\":{\"@id\":\"https:\\\/\\\/glfree.hu\\\/nem-megfelelo-jogosultsag\\\/#breadcrumb\"},\"inLanguage\":\"de\",\"potentialAction\":[{\"@type\":\"ReadAction\",\"target\":[\"https:\\\/\\\/glfree.hu\\\/nem-megfelelo-jogosultsag\\\/\"]}]},{\"@type\":\"ImageObject\",\"inLanguage\":\"de\",\"@id\":\"https:\\\/\\\/glfree.hu\\\/nem-megfelelo-jogosultsag\\\/#primaryimage\",\"url\":\"https:\\\/\\\/glfree.hu\\\/wp-content\\\/uploads\\\/2024\\\/06\\\/Ezek-varnak-rad-a-glfree.hu-n-1080-x-1080-keppont.jpg\",\"contentUrl\":\"https:\\\/\\\/glfree.hu\\\/wp-content\\\/uploads\\\/2024\\\/06\\\/Ezek-varnak-rad-a-glfree.hu-n-1080-x-1080-keppont.jpg\",\"width\":1080,\"height\":1080,\"caption\":\"Ez v\u00e1r r\u00e1d a GLFREE-n\"},{\"@type\":\"BreadcrumbList\",\"@id\":\"https:\\\/\\\/glfree.hu\\\/nem-megfelelo-jogosultsag\\\/#breadcrumb\",\"itemListElement\":[{\"@type\":\"ListItem\",\"position\":1,\"name\":\"Kezd\u0151lap\",\"item\":\"https:\\\/\\\/glfree.hu\\\/\"},{\"@type\":\"ListItem\",\"position\":2,\"name\":\"Nem megfelel\u0151 jogosults\u00e1g\"}]},{\"@type\":\"WebSite\",\"@id\":\"https:\\\/\\\/glfree.hu\\\/#website\",\"url\":\"https:\\\/\\\/glfree.hu\\\/\",\"name\":\"glfree.hu\",\"description\":\"Glut\u00e9nmentess\u00e9gr\u0151l - egy helyen\",\"publisher\":{\"@id\":\"https:\\\/\\\/glfree.hu\\\/#organization\"},\"potentialAction\":[{\"@type\":\"SearchAction\",\"target\":{\"@type\":\"EntryPoint\",\"urlTemplate\":\"https:\\\/\\\/glfree.hu\\\/?s={search_term_string}\"},\"query-input\":{\"@type\":\"PropertyValueSpecification\",\"valueRequired\":true,\"valueName\":\"search_term_string\"}}],\"inLanguage\":\"de\"},{\"@type\":\"Organization\",\"@id\":\"https:\\\/\\\/glfree.hu\\\/#organization\",\"name\":\"glfree.hu\",\"url\":\"https:\\\/\\\/glfree.hu\\\/\",\"logo\":{\"@type\":\"ImageObject\",\"inLanguage\":\"de\",\"@id\":\"https:\\\/\\\/glfree.hu\\\/#\\\/schema\\\/logo\\\/image\\\/\",\"url\":\"https:\\\/\\\/glfree.hu\\\/wp-content\\\/uploads\\\/2024\\\/08\\\/GLFREE_logo_color-300x150-1.webp\",\"contentUrl\":\"https:\\\/\\\/glfree.hu\\\/wp-content\\\/uploads\\\/2024\\\/08\\\/GLFREE_logo_color-300x150-1.webp\",\"width\":1920,\"height\":960,\"caption\":\"glfree.hu\"},\"image\":{\"@id\":\"https:\\\/\\\/glfree.hu\\\/#\\\/schema\\\/logo\\\/image\\\/\"},\"sameAs\":[\"https:\\\/\\\/www.facebook.com\\\/glfree.egyhelyen\",\"https:\\\/\\\/www.instagram.com\\\/glfree.egy.helyen\\\/\"]}]}<\/script>\n<!-- \/ Yoast SEO plugin. -->","yoast_head_json":{"title":"Nem megfelel\u0151 jogosults\u00e1g - glfree.hu","description":"Ugyan van m\u00e1r a tartalomhoz sz\u00fcks\u00e9ges el\u0151fizet\u00e9sed, de nem vagy bejelentkezve. Amennyiben nincsen GLFREE el\u0151fizet\u00e9sed, most el\u0151fizethetsz.","robots":{"index":"index","follow":"follow","max-snippet":"max-snippet:-1","max-image-preview":"max-image-preview:large","max-video-preview":"max-video-preview:-1"},"canonical":"https:\/\/glfree.hu\/de\/nem-megfelelo-jogosultsag\/","og_locale":"de_DE","og_type":"article","og_title":"Nem megfelel\u0151 jogosults\u00e1g - glfree.hu","og_description":"Ugyan van m\u00e1r a tartalomhoz sz\u00fcks\u00e9ges el\u0151fizet\u00e9sed, de nem vagy bejelentkezve. Amennyiben nincsen GLFREE el\u0151fizet\u00e9sed, most el\u0151fizethetsz.","og_url":"https:\/\/glfree.hu\/de\/nem-megfelelo-jogosultsag\/","og_site_name":"glfree.hu","article_publisher":"https:\/\/www.facebook.com\/glfree.egyhelyen","article_modified_time":"2024-07-19T11:55:36+00:00","og_image":[{"width":1080,"height":1080,"url":"https:\/\/glfree.hu\/wp-content\/uploads\/2024\/06\/Ezek-varnak-rad-a-glfree.hu-n-1080-x-1080-keppont.jpg","type":"image\/jpeg"}],"twitter_card":"summary_large_image","twitter_misc":{"Gesch\u00e4tzte Lesezeit":"1\u00a0Minute"},"schema":{"@context":"https:\/\/schema.org","@graph":[{"@type":"WebPage","@id":"https:\/\/glfree.hu\/nem-megfelelo-jogosultsag\/","url":"https:\/\/glfree.hu\/nem-megfelelo-jogosultsag\/","name":"Nem megfelel\u0151 jogosults\u00e1g - glfree.hu","isPartOf":{"@id":"https:\/\/glfree.hu\/#website"},"primaryImageOfPage":{"@id":"https:\/\/glfree.hu\/nem-megfelelo-jogosultsag\/#primaryimage"},"image":{"@id":"https:\/\/glfree.hu\/nem-megfelelo-jogosultsag\/#primaryimage"},"thumbnailUrl":"https:\/\/glfree.hu\/wp-content\/uploads\/2024\/06\/Ezek-varnak-rad-a-glfree.hu-n-1080-x-1080-keppont.jpg","datePublished":"2024-06-21T08:40:25+00:00","dateModified":"2024-07-19T11:55:36+00:00","description":"Ugyan van m\u00e1r a tartalomhoz sz\u00fcks\u00e9ges el\u0151fizet\u00e9sed, de nem vagy bejelentkezve. Amennyiben nincsen GLFREE el\u0151fizet\u00e9sed, most el\u0151fizethetsz.","breadcrumb":{"@id":"https:\/\/glfree.hu\/nem-megfelelo-jogosultsag\/#breadcrumb"},"inLanguage":"de","potentialAction":[{"@type":"ReadAction","target":["https:\/\/glfree.hu\/nem-megfelelo-jogosultsag\/"]}]},{"@type":"ImageObject","inLanguage":"de","@id":"https:\/\/glfree.hu\/nem-megfelelo-jogosultsag\/#primaryimage","url":"https:\/\/glfree.hu\/wp-content\/uploads\/2024\/06\/Ezek-varnak-rad-a-glfree.hu-n-1080-x-1080-keppont.jpg","contentUrl":"https:\/\/glfree.hu\/wp-content\/uploads\/2024\/06\/Ezek-varnak-rad-a-glfree.hu-n-1080-x-1080-keppont.jpg","width":1080,"height":1080,"caption":"Ez v\u00e1r r\u00e1d a GLFREE-n"},{"@type":"BreadcrumbList","@id":"https:\/\/glfree.hu\/nem-megfelelo-jogosultsag\/#breadcrumb","itemListElement":[{"@type":"ListItem","position":1,"name":"Kezd\u0151lap","item":"https:\/\/glfree.hu\/"},{"@type":"ListItem","position":2,"name":"Nem megfelel\u0151 jogosults\u00e1g"}]},{"@type":"WebSite","@id":"https:\/\/glfree.hu\/#website","url":"https:\/\/glfree.hu\/","name":"glfree.hu","description":"\u00dcber glutenfrei - an einem Ort","publisher":{"@id":"https:\/\/glfree.hu\/#organization"},"potentialAction":[{"@type":"SearchAction","target":{"@type":"EntryPoint","urlTemplate":"https:\/\/glfree.hu\/?s={search_term_string}"},"query-input":{"@type":"PropertyValueSpecification","valueRequired":true,"valueName":"search_term_string"}}],"inLanguage":"de"},{"@type":"Organization","@id":"https:\/\/glfree.hu\/#organization","name":"glfree.hu","url":"https:\/\/glfree.hu\/","logo":{"@type":"ImageObject","inLanguage":"de","@id":"https:\/\/glfree.hu\/#\/schema\/logo\/image\/","url":"https:\/\/glfree.hu\/wp-content\/uploads\/2024\/08\/GLFREE_logo_color-300x150-1.webp","contentUrl":"https:\/\/glfree.hu\/wp-content\/uploads\/2024\/08\/GLFREE_logo_color-300x150-1.webp","width":1920,"height":960,"caption":"glfree.hu"},"image":{"@id":"https:\/\/glfree.hu\/#\/schema\/logo\/image\/"},"sameAs":["https:\/\/www.facebook.com\/glfree.egyhelyen","https:\/\/www.instagram.com\/glfree.egy.helyen\/"]}]}},"_links":{"self":[{"href":"https:\/\/glfree.hu\/de\/wp-json\/wp\/v2\/pages\/2378","targetHints":{"allow":["GET"]}}],"collection":[{"href":"https:\/\/glfree.hu\/de\/wp-json\/wp\/v2\/pages"}],"about":[{"href":"https:\/\/glfree.hu\/de\/wp-json\/wp\/v2\/types\/page"}],"author":[{"embeddable":true,"href":"https:\/\/glfree.hu\/de\/wp-json\/wp\/v2\/users\/1"}],"replies":[{"embeddable":true,"href":"https:\/\/glfree.hu\/de\/wp-json\/wp\/v2\/comments?post=2378"}],"version-history":[{"count":5,"href":"https:\/\/glfree.hu\/de\/wp-json\/wp\/v2\/pages\/2378\/revisions"}],"predecessor-version":[{"id":4189,"href":"https:\/\/glfree.hu\/de\/wp-json\/wp\/v2\/pages\/2378\/revisions\/4189"}],"wp:featuredmedia":[{"embeddable":true,"href":"https:\/\/glfree.hu\/de\/wp-json\/wp\/v2\/media\/1218"}],"wp:attachment":[{"href":"https:\/\/glfree.hu\/de\/wp-json\/wp\/v2\/media?parent=2378"}],"wp:term":[{"taxonomy":"kategoriak","embeddable":true,"href":"https:\/\/glfree.hu\/de\/wp-json\/wp\/v2\/kategoriak?post=2378"},{"taxonomy":"hf_cat_page","embeddable":true,"href":"https:\/\/glfree.hu\/de\/wp-json\/wp\/v2\/hf_cat_page?post=2378"}],"curies":[{"name":"wp","href":"https:\/\/api.w.org\/{rel}","templated":true}]}}