{"id":2372,"date":"2024-06-21T08:35:23","date_gmt":"2024-06-21T08:35:23","guid":{"rendered":"https:\/\/glfree.hu\/password-reset\/"},"modified":"2024-07-19T09:51:23","modified_gmt":"2024-07-19T09:51:23","slug":"elfelejtett-jelszo","status":"publish","type":"page","link":"https:\/\/glfree.hu\/de\/elfelejtett-jelszo\/","title":{"rendered":"Elfelejtett jelsz\u00f3"},"content":{"rendered":"<div data-elementor-type=\"wp-page\" data-elementor-id=\"2372\" class=\"elementor elementor-2372\" data-elementor-post-type=\"page\">\n\t\t\t\t<div class=\"elementor-element elementor-element-884b91b bdt-backdrop-filter-yes e-flex e-con-boxed bdt-filter-backdrop e-con e-parent\" data-id=\"884b91b\" data-element_type=\"container\" data-e-type=\"container\" data-settings=\"{&quot;background_background&quot;:&quot;classic&quot;}\">\n\t\t\t\t\t<div class=\"e-con-inner\">\n\t\t\t\t\t<\/div>\n\t\t\t\t<\/div>\n\t\t<div class=\"elementor-element elementor-element-850eaf4 e-flex e-con-boxed e-con e-parent\" data-id=\"850eaf4\" data-element_type=\"container\" data-e-type=\"container\">\n\t\t\t\t\t<div class=\"e-con-inner\">\n\t\t\t\t<div class=\"elementor-element elementor-element-6eb1fe6 elementor-widget elementor-widget-heading\" data-id=\"6eb1fe6\" data-element_type=\"widget\" data-e-type=\"widget\" data-widget_type=\"heading.default\">\n\t\t\t\t<div class=\"elementor-widget-container\">\n\t\t\t\t\t<h2 class=\"elementor-heading-title elementor-size-default\">Hier k\u00f6nnen Sie Ihr Passwort festlegen oder, falls Sie Ihr Passwort vergessen haben, ein neues eingeben.<\/h2>\t\t\t\t<\/div>\n\t\t\t\t<\/div>\n\t\t\t\t<div class=\"elementor-element elementor-element-d3a5d3d elementor-widget elementor-widget-jet-reset\" data-id=\"d3a5d3d\" data-element_type=\"widget\" data-e-type=\"widget\" data-widget_type=\"jet-reset.default\">\n\t\t\t\t<div class=\"elementor-widget-container\">\n\t\t\t\t\t\n<div class=\"jet-reset\">\n\n\t\n\t\n\t<form id=\"lostpasswordform\" class=\"jet-reset__form\" name=\"lostpasswordform\" method=\"post\" action=\"\">\n\n\t\t\n\t\t\n\t\t\t<div class=\"jet-reset__form-text\">\n\t\t\t\t<p>1. geben Sie Ihre E-Mail-Adresse ein und klicken Sie auf die Schaltfl\u00e4che Neues Passwort anfordern.<br \/>\n2. \u00fcberpr\u00fcfen Sie Ihr E-Mail-Konto, denn wir werden Ihnen eine E-Mail mit einem Link schicken.<br \/>\n3. klicken Sie auf den Link, um ein neues Passwort f\u00fcr sich zu erstellen. <\/p>\n\t\t\t<\/div>\n\n\t\t\n\t\t<p class=\"jet_reset__user-info\">\n\n\t\t\t<label for=\"jet_reset_user_info\">Geben Sie Ihre E-Mail Adresse ein:<\/label>\n\t\t\t<input class=\"input\" type=\"text\" name=\"jet_reset_user_info\" id=\"jet_reset_user_info\">\n\n\t\t<\/p>\n\n\t\t<div class=\"jet-reset__submit\">\n\n\t\t\t<input type=\"hidden\" id=\"jet_reset_nonce\" name=\"jet_reset_nonce\" value=\"4308bf57ee\" \/><input type=\"hidden\" name=\"_wp_http_referer\" value=\"\/de\/wp-json\/wp\/v2\/pages\/2372\" \/>\t\t\t<input type=\"hidden\" name=\"submitted\" id=\"submitted\" value=\"true\">\n\t\t\t<input type=\"hidden\" name=\"jet_reset_action\" id=\"jet_reset_post_action\" value=\"jet_reset_lost_pass\">\n\t\t\t<button type=\"submit\" id=\"jet-reset-pass-submit\" name=\"jet-reset-pass-submit\" class=\"button button-primary jet-reset__button\">Ein neues Passwort anfordern<\/button>\n\n\t\t<\/div>\n\n\t<input type=\"hidden\" name=\"trp-form-language\" value=\"de\"\/><\/form>\n\n\t\n<\/div>\t\t\t\t<\/div>\n\t\t\t\t<\/div>\n\t\t\t\t<div class=\"elementor-element elementor-element-9df5797 elementor-widget elementor-widget-image\" data-id=\"9df5797\" data-element_type=\"widget\" data-e-type=\"widget\" data-widget_type=\"image.default\">\n\t\t\t\t<div class=\"elementor-widget-container\">\n\t\t\t\t\t\t\t\t\t\t\t\t\t\t\t<img fetchpriority=\"high\" decoding=\"async\" width=\"800\" height=\"449\" src=\"https:\/\/glfree.hu\/wp-content\/uploads\/2024\/07\/Erezd-jol-magadat-a-GLFREE-vilagban-1366-768-masolata-1024x575.webp\" class=\"attachment-large size-large wp-image-4157\" alt=\"\u00c9lvezetes kalandoz\u00e1st k\u00edv\u00e1nunk!\" srcset=\"https:\/\/glfree.hu\/wp-content\/uploads\/2024\/07\/Erezd-jol-magadat-a-GLFREE-vilagban-1366-768-masolata-1024x575.webp 1024w, https:\/\/glfree.hu\/wp-content\/uploads\/2024\/07\/Erezd-jol-magadat-a-GLFREE-vilagban-1366-768-masolata-600x337.webp 600w, https:\/\/glfree.hu\/wp-content\/uploads\/2024\/07\/Erezd-jol-magadat-a-GLFREE-vilagban-1366-768-masolata-300x169.webp 300w, https:\/\/glfree.hu\/wp-content\/uploads\/2024\/07\/Erezd-jol-magadat-a-GLFREE-vilagban-1366-768-masolata-768x432.webp 768w, https:\/\/glfree.hu\/wp-content\/uploads\/2024\/07\/Erezd-jol-magadat-a-GLFREE-vilagban-1366-768-masolata-1536x863.webp 1536w, https:\/\/glfree.hu\/wp-content\/uploads\/2024\/07\/Erezd-jol-magadat-a-GLFREE-vilagban-1366-768-masolata.webp 1920w\" sizes=\"(max-width: 800px) 100vw, 800px\" \/>\t\t\t\t\t\t\t\t\t\t\t\t\t\t\t<\/div>\n\t\t\t\t<\/div>\n\t\t\t\t\t<\/div>\n\t\t\t\t<\/div>\n\t\t\t\t<\/div>","protected":false},"excerpt":{"rendered":"<p>Itt tudod a jelszavadat be\u00e1ll\u00edtani, vagy ha elfelejtetted a jelszavadat, \u00faj jelsz\u00f3t megadni. 1. Add meg az e-mail c\u00edmedet \u00e9s nyomj\u00e1l r\u00e1 az \u00faj jelsz\u00f3 ig\u00e9nyl\u00e9se gombra. 2. N\u00e9zd az e-mail fi\u00f3kodat, mert egy e-mailt k\u00fcld\u00fcnk neked, amelyikben egy link lesz. 3. A linkre kattintva \u00faj jelsz\u00f3t tudsz magadnak l\u00e9trehozni. Add meg az e-mail c\u00edmedet: [&hellip;]<\/p>\n","protected":false},"author":1,"featured_media":0,"parent":0,"menu_order":0,"comment_status":"closed","ping_status":"closed","template":"","meta":{"footnotes":""},"kategoriak":[],"hf_cat_page":[50],"class_list":["post-2372","page","type-page","status-publish","hentry"],"yoast_head":"<!-- This site is optimized with the Yoast SEO plugin v27.3 - https:\/\/yoast.com\/product\/yoast-seo-wordpress\/ -->\n<title>Elfelejtett jelsz\u00f3 - glfree.hu<\/title>\n<meta name=\"robots\" content=\"index, follow, max-snippet:-1, max-image-preview:large, max-video-preview:-1\" \/>\n<link rel=\"canonical\" href=\"https:\/\/glfree.hu\/de\/elfelejtett-jelszo\/\" \/>\n<meta property=\"og:locale\" content=\"de_DE\" \/>\n<meta property=\"og:type\" content=\"article\" \/>\n<meta property=\"og:title\" content=\"Elfelejtett jelsz\u00f3 - glfree.hu\" \/>\n<meta property=\"og:description\" content=\"Itt tudod a jelszavadat be\u00e1ll\u00edtani, vagy ha elfelejtetted a jelszavadat, \u00faj jelsz\u00f3t megadni. 1. Add meg az e-mail c\u00edmedet \u00e9s nyomj\u00e1l r\u00e1 az \u00faj jelsz\u00f3 ig\u00e9nyl\u00e9se gombra. 2. N\u00e9zd az e-mail fi\u00f3kodat, mert egy e-mailt k\u00fcld\u00fcnk neked, amelyikben egy link lesz. 3. A linkre kattintva \u00faj jelsz\u00f3t tudsz magadnak l\u00e9trehozni. Add meg az e-mail c\u00edmedet: [&hellip;]\" \/>\n<meta property=\"og:url\" content=\"https:\/\/glfree.hu\/de\/elfelejtett-jelszo\/\" \/>\n<meta property=\"og:site_name\" content=\"glfree.hu\" \/>\n<meta property=\"article:publisher\" content=\"https:\/\/www.facebook.com\/glfree.egyhelyen\" \/>\n<meta property=\"article:modified_time\" content=\"2024-07-19T09:51:23+00:00\" \/>\n<meta property=\"og:image\" content=\"https:\/\/glfree.hu\/wp-content\/uploads\/2024\/07\/Erezd-jol-magadat-a-GLFREE-vilagban-1366-768-masolata-1024x575.webp\" \/>\n<meta name=\"twitter:card\" content=\"summary_large_image\" \/>\n<meta name=\"twitter:label1\" content=\"Gesch\u00e4tzte Lesezeit\" \/>\n\t<meta name=\"twitter:data1\" content=\"1\u00a0Minute\" \/>\n<script type=\"application\/ld+json\" class=\"yoast-schema-graph\">{\"@context\":\"https:\\\/\\\/schema.org\",\"@graph\":[{\"@type\":\"WebPage\",\"@id\":\"https:\\\/\\\/glfree.hu\\\/elfelejtett-jelszo\\\/\",\"url\":\"https:\\\/\\\/glfree.hu\\\/elfelejtett-jelszo\\\/\",\"name\":\"Elfelejtett jelsz\u00f3 - glfree.hu\",\"isPartOf\":{\"@id\":\"https:\\\/\\\/glfree.hu\\\/#website\"},\"primaryImageOfPage\":{\"@id\":\"https:\\\/\\\/glfree.hu\\\/elfelejtett-jelszo\\\/#primaryimage\"},\"image\":{\"@id\":\"https:\\\/\\\/glfree.hu\\\/elfelejtett-jelszo\\\/#primaryimage\"},\"thumbnailUrl\":\"https:\\\/\\\/glfree.hu\\\/wp-content\\\/uploads\\\/2024\\\/07\\\/Erezd-jol-magadat-a-GLFREE-vilagban-1366-768-masolata-1024x575.webp\",\"datePublished\":\"2024-06-21T08:35:23+00:00\",\"dateModified\":\"2024-07-19T09:51:23+00:00\",\"breadcrumb\":{\"@id\":\"https:\\\/\\\/glfree.hu\\\/elfelejtett-jelszo\\\/#breadcrumb\"},\"inLanguage\":\"de\",\"potentialAction\":[{\"@type\":\"ReadAction\",\"target\":[\"https:\\\/\\\/glfree.hu\\\/elfelejtett-jelszo\\\/\"]}]},{\"@type\":\"ImageObject\",\"inLanguage\":\"de\",\"@id\":\"https:\\\/\\\/glfree.hu\\\/elfelejtett-jelszo\\\/#primaryimage\",\"url\":\"https:\\\/\\\/glfree.hu\\\/wp-content\\\/uploads\\\/2024\\\/07\\\/Erezd-jol-magadat-a-GLFREE-vilagban-1366-768-masolata-1024x575.webp\",\"contentUrl\":\"https:\\\/\\\/glfree.hu\\\/wp-content\\\/uploads\\\/2024\\\/07\\\/Erezd-jol-magadat-a-GLFREE-vilagban-1366-768-masolata-1024x575.webp\"},{\"@type\":\"BreadcrumbList\",\"@id\":\"https:\\\/\\\/glfree.hu\\\/elfelejtett-jelszo\\\/#breadcrumb\",\"itemListElement\":[{\"@type\":\"ListItem\",\"position\":1,\"name\":\"Kezd\u0151lap\",\"item\":\"https:\\\/\\\/glfree.hu\\\/\"},{\"@type\":\"ListItem\",\"position\":2,\"name\":\"Elfelejtett jelsz\u00f3\"}]},{\"@type\":\"WebSite\",\"@id\":\"https:\\\/\\\/glfree.hu\\\/#website\",\"url\":\"https:\\\/\\\/glfree.hu\\\/\",\"name\":\"glfree.hu\",\"description\":\"Glut\u00e9nmentess\u00e9gr\u0151l - egy helyen\",\"publisher\":{\"@id\":\"https:\\\/\\\/glfree.hu\\\/#organization\"},\"potentialAction\":[{\"@type\":\"SearchAction\",\"target\":{\"@type\":\"EntryPoint\",\"urlTemplate\":\"https:\\\/\\\/glfree.hu\\\/?s={search_term_string}\"},\"query-input\":{\"@type\":\"PropertyValueSpecification\",\"valueRequired\":true,\"valueName\":\"search_term_string\"}}],\"inLanguage\":\"de\"},{\"@type\":\"Organization\",\"@id\":\"https:\\\/\\\/glfree.hu\\\/#organization\",\"name\":\"glfree.hu\",\"url\":\"https:\\\/\\\/glfree.hu\\\/\",\"logo\":{\"@type\":\"ImageObject\",\"inLanguage\":\"de\",\"@id\":\"https:\\\/\\\/glfree.hu\\\/#\\\/schema\\\/logo\\\/image\\\/\",\"url\":\"https:\\\/\\\/glfree.hu\\\/wp-content\\\/uploads\\\/2024\\\/08\\\/GLFREE_logo_color-300x150-1.webp\",\"contentUrl\":\"https:\\\/\\\/glfree.hu\\\/wp-content\\\/uploads\\\/2024\\\/08\\\/GLFREE_logo_color-300x150-1.webp\",\"width\":1920,\"height\":960,\"caption\":\"glfree.hu\"},\"image\":{\"@id\":\"https:\\\/\\\/glfree.hu\\\/#\\\/schema\\\/logo\\\/image\\\/\"},\"sameAs\":[\"https:\\\/\\\/www.facebook.com\\\/glfree.egyhelyen\",\"https:\\\/\\\/www.instagram.com\\\/glfree.egy.helyen\\\/\"]}]}<\/script>\n<!-- \/ Yoast SEO plugin. -->","yoast_head_json":{"title":"Elfelejtett jelsz\u00f3 - glfree.hu","robots":{"index":"index","follow":"follow","max-snippet":"max-snippet:-1","max-image-preview":"max-image-preview:large","max-video-preview":"max-video-preview:-1"},"canonical":"https:\/\/glfree.hu\/de\/elfelejtett-jelszo\/","og_locale":"de_DE","og_type":"article","og_title":"Elfelejtett jelsz\u00f3 - glfree.hu","og_description":"Itt tudod a jelszavadat be\u00e1ll\u00edtani, vagy ha elfelejtetted a jelszavadat, \u00faj jelsz\u00f3t megadni. 1. Add meg az e-mail c\u00edmedet \u00e9s nyomj\u00e1l r\u00e1 az \u00faj jelsz\u00f3 ig\u00e9nyl\u00e9se gombra. 2. N\u00e9zd az e-mail fi\u00f3kodat, mert egy e-mailt k\u00fcld\u00fcnk neked, amelyikben egy link lesz. 3. A linkre kattintva \u00faj jelsz\u00f3t tudsz magadnak l\u00e9trehozni. Add meg az e-mail c\u00edmedet: [&hellip;]","og_url":"https:\/\/glfree.hu\/de\/elfelejtett-jelszo\/","og_site_name":"glfree.hu","article_publisher":"https:\/\/www.facebook.com\/glfree.egyhelyen","article_modified_time":"2024-07-19T09:51:23+00:00","og_image":[{"url":"https:\/\/glfree.hu\/wp-content\/uploads\/2024\/07\/Erezd-jol-magadat-a-GLFREE-vilagban-1366-768-masolata-1024x575.webp","type":"","width":"","height":""}],"twitter_card":"summary_large_image","twitter_misc":{"Gesch\u00e4tzte Lesezeit":"1\u00a0Minute"},"schema":{"@context":"https:\/\/schema.org","@graph":[{"@type":"WebPage","@id":"https:\/\/glfree.hu\/elfelejtett-jelszo\/","url":"https:\/\/glfree.hu\/elfelejtett-jelszo\/","name":"Elfelejtett jelsz\u00f3 - glfree.hu","isPartOf":{"@id":"https:\/\/glfree.hu\/#website"},"primaryImageOfPage":{"@id":"https:\/\/glfree.hu\/elfelejtett-jelszo\/#primaryimage"},"image":{"@id":"https:\/\/glfree.hu\/elfelejtett-jelszo\/#primaryimage"},"thumbnailUrl":"https:\/\/glfree.hu\/wp-content\/uploads\/2024\/07\/Erezd-jol-magadat-a-GLFREE-vilagban-1366-768-masolata-1024x575.webp","datePublished":"2024-06-21T08:35:23+00:00","dateModified":"2024-07-19T09:51:23+00:00","breadcrumb":{"@id":"https:\/\/glfree.hu\/elfelejtett-jelszo\/#breadcrumb"},"inLanguage":"de","potentialAction":[{"@type":"ReadAction","target":["https:\/\/glfree.hu\/elfelejtett-jelszo\/"]}]},{"@type":"ImageObject","inLanguage":"de","@id":"https:\/\/glfree.hu\/elfelejtett-jelszo\/#primaryimage","url":"https:\/\/glfree.hu\/wp-content\/uploads\/2024\/07\/Erezd-jol-magadat-a-GLFREE-vilagban-1366-768-masolata-1024x575.webp","contentUrl":"https:\/\/glfree.hu\/wp-content\/uploads\/2024\/07\/Erezd-jol-magadat-a-GLFREE-vilagban-1366-768-masolata-1024x575.webp"},{"@type":"BreadcrumbList","@id":"https:\/\/glfree.hu\/elfelejtett-jelszo\/#breadcrumb","itemListElement":[{"@type":"ListItem","position":1,"name":"Kezd\u0151lap","item":"https:\/\/glfree.hu\/"},{"@type":"ListItem","position":2,"name":"Elfelejtett jelsz\u00f3"}]},{"@type":"WebSite","@id":"https:\/\/glfree.hu\/#website","url":"https:\/\/glfree.hu\/","name":"glfree.hu","description":"\u00dcber glutenfrei - an einem Ort","publisher":{"@id":"https:\/\/glfree.hu\/#organization"},"potentialAction":[{"@type":"SearchAction","target":{"@type":"EntryPoint","urlTemplate":"https:\/\/glfree.hu\/?s={search_term_string}"},"query-input":{"@type":"PropertyValueSpecification","valueRequired":true,"valueName":"search_term_string"}}],"inLanguage":"de"},{"@type":"Organization","@id":"https:\/\/glfree.hu\/#organization","name":"glfree.hu","url":"https:\/\/glfree.hu\/","logo":{"@type":"ImageObject","inLanguage":"de","@id":"https:\/\/glfree.hu\/#\/schema\/logo\/image\/","url":"https:\/\/glfree.hu\/wp-content\/uploads\/2024\/08\/GLFREE_logo_color-300x150-1.webp","contentUrl":"https:\/\/glfree.hu\/wp-content\/uploads\/2024\/08\/GLFREE_logo_color-300x150-1.webp","width":1920,"height":960,"caption":"glfree.hu"},"image":{"@id":"https:\/\/glfree.hu\/#\/schema\/logo\/image\/"},"sameAs":["https:\/\/www.facebook.com\/glfree.egyhelyen","https:\/\/www.instagram.com\/glfree.egy.helyen\/"]}]}},"_links":{"self":[{"href":"https:\/\/glfree.hu\/de\/wp-json\/wp\/v2\/pages\/2372","targetHints":{"allow":["GET"]}}],"collection":[{"href":"https:\/\/glfree.hu\/de\/wp-json\/wp\/v2\/pages"}],"about":[{"href":"https:\/\/glfree.hu\/de\/wp-json\/wp\/v2\/types\/page"}],"author":[{"embeddable":true,"href":"https:\/\/glfree.hu\/de\/wp-json\/wp\/v2\/users\/1"}],"replies":[{"embeddable":true,"href":"https:\/\/glfree.hu\/de\/wp-json\/wp\/v2\/comments?post=2372"}],"version-history":[{"count":5,"href":"https:\/\/glfree.hu\/de\/wp-json\/wp\/v2\/pages\/2372\/revisions"}],"predecessor-version":[{"id":4163,"href":"https:\/\/glfree.hu\/de\/wp-json\/wp\/v2\/pages\/2372\/revisions\/4163"}],"wp:attachment":[{"href":"https:\/\/glfree.hu\/de\/wp-json\/wp\/v2\/media?parent=2372"}],"wp:term":[{"taxonomy":"kategoriak","embeddable":true,"href":"https:\/\/glfree.hu\/de\/wp-json\/wp\/v2\/kategoriak?post=2372"},{"taxonomy":"hf_cat_page","embeddable":true,"href":"https:\/\/glfree.hu\/de\/wp-json\/wp\/v2\/hf_cat_page?post=2372"}],"curies":[{"name":"wp","href":"https:\/\/api.w.org\/{rel}","templated":true}]}}